{"id":263,"date":"2020-06-12T12:08:48","date_gmt":"2020-06-12T12:08:48","guid":{"rendered":"http:\/\/martinkonvicka.cz\/user\/"},"modified":"2020-11-03T19:10:25","modified_gmt":"2020-11-03T18:10:25","slug":"user","status":"publish","type":"page","link":"https:\/\/martinkonvicka.cz\/en\/user\/","title":{"rendered":"UM User"},"content":{"rendered":"<div class=\"um um-profile um-261 um-role-\">\n\t<div class=\"um-form\" data-mode=\"profile\" data-form_id=\"261\">\n\t\t\n\t<div class=\"um-header no-cover\">\n\n\t\t\n\t\t<div class=\"um-profile-photo\" data-user_id=\"0\"  aria-invalid=\"false\" >\n\n\t\t\t<a href=\"\" class=\"um-profile-photo-img\" title=\"\">\n\t\t\t\t<img alt='' src='https:\/\/secure.gravatar.com\/avatar\/?s=190&#038;d=mm&#038;r=g' srcset='https:\/\/secure.gravatar.com\/avatar\/?s=380&#038;d=mm&#038;r=g 2x' class='avatar avatar-190 photo avatar-default' height='190' width='190' \/>\t\t\t<\/a>\n\n\t\t\t\n\t\t<\/div>\n\n\t\t<div class=\"um-profile-meta\">\n\n\t\t\t\n\t\t\t<div class=\"um-main-meta\">\n\n\t\t\t\t\t\t\t\t\t<div class=\"um-name\">\n\n\t\t\t\t\t\t<a href=\"\"\n\t\t\t\t\t\t   title=\"\"><\/a>\n\n\t\t\t\t\t\t\t\t\t\t\t<\/div>\n\t\t\t\t\n\t\t\t\t<div class=\"um-clear\"><\/div>\n\n\t\t\t\t\n\t\t\t<\/div>\n\n\t\t\t\n\t\t\t<div class=\"um-profile-status\">\n\t\t\t\t<span>\n\t\t\t\t\tThis user account status is Undefined\t\t\t\t<\/span>\n\t\t\t<\/div>\n\n\t\t\t\t\t<\/div>\n\t\t<div class=\"um-clear\"><\/div>\n\n\t\t\n\t<\/div>\n\n\t\n\t\t<div class=\"um-profile-navbar\">\n\t\t\t\t\t\t<div class=\"um-clear\"><\/div>\n\t\t<\/div>\n\n\t\t\t<\/div>\n<\/div>\n<style>\n\t\t\t.um-261.um {\n\t\t\tmax-width: 1000px;\n\t\t}\n\t\t<\/style>\n<style>\n\t\t\t.um-261.um .um-profile-body {\n\t\t\tmax-width: 600px;\n\t\t}\n\t\t.um-261.um .um-profile-photo a.um-profile-photo-img {\n\t\twidth: 190px;\n\t\theight: 190px;\n\t}\n\t.um-261.um .um-profile-photo a.um-profile-photo-img {\n\t\ttop: -105px;\n\t}\n\t\t\t.um-261.um .um-profile-meta {\n\t\t\tpadding-left: 250px;\n\t\t}\n\t<\/style>","protected":false},"excerpt":{"rendered":"","protected":false},"author":1,"featured_media":0,"parent":0,"menu_order":0,"comment_status":"closed","ping_status":"closed","template":"","meta":{"site-sidebar-layout":"default","site-content-layout":"","ast-site-content-layout":"","site-content-style":"default","site-sidebar-style":"default","ast-global-header-display":"","ast-banner-title-visibility":"","ast-main-header-display":"","ast-hfb-above-header-display":"","ast-hfb-below-header-display":"","ast-hfb-mobile-header-display":"","site-post-title":"","ast-breadcrumbs-content":"","ast-featured-img":"","footer-sml-layout":"","theme-transparent-header-meta":"","adv-header-id-meta":"","stick-header-meta":"","header-above-stick-meta":"","header-main-stick-meta":"","header-below-stick-meta":"","astra-migrate-meta-layouts":"default","ast-page-background-enabled":"default","ast-page-background-meta":{"desktop":{"background-color":"var(--ast-global-color-4)","background-image":"","background-repeat":"repeat","background-position":"center center","background-size":"auto","background-attachment":"scroll","background-type":"","background-media":"","overlay-type":"","overlay-color":"","overlay-opacity":"","overlay-gradient":""},"tablet":{"background-color":"","background-image":"","background-repeat":"repeat","background-position":"center center","background-size":"auto","background-attachment":"scroll","background-type":"","background-media":"","overlay-type":"","overlay-color":"","overlay-opacity":"","overlay-gradient":""},"mobile":{"background-color":"","background-image":"","background-repeat":"repeat","background-position":"center center","background-size":"auto","background-attachment":"scroll","background-type":"","background-media":"","overlay-type":"","overlay-color":"","overlay-opacity":"","overlay-gradient":""}},"ast-content-background-meta":{"desktop":{"background-color":"var(--ast-global-color-5)","background-image":"","background-repeat":"repeat","background-position":"center center","background-size":"auto","background-attachment":"scroll","background-type":"","background-media":"","overlay-type":"","overlay-color":"","overlay-opacity":"","overlay-gradient":""},"tablet":{"background-color":"var(--ast-global-color-5)","background-image":"","background-repeat":"repeat","background-position":"center center","background-size":"auto","background-attachment":"scroll","background-type":"","background-media":"","overlay-type":"","overlay-color":"","overlay-opacity":"","overlay-gradient":""},"mobile":{"background-color":"var(--ast-global-color-5)","background-image":"","background-repeat":"repeat","background-position":"center center","background-size":"auto","background-attachment":"scroll","background-type":"","background-media":"","overlay-type":"","overlay-color":"","overlay-opacity":"","overlay-gradient":""}},"footnotes":""},"categories":[23],"tags":[],"class_list":["post-263","page","type-page","status-publish","hentry","category-online-akademie"],"yoast_head":"<!-- This site is optimized with the Yoast SEO plugin v26.6 - https:\/\/yoast.com\/wordpress\/plugins\/seo\/ -->\n<title>UM User - Martin Konvi\u010dka<\/title>\n<meta name=\"robots\" content=\"index, follow, max-snippet:-1, max-image-preview:large, max-video-preview:-1\" \/>\n<link rel=\"canonical\" href=\"https:\/\/martinkonvicka.cz\/en\/user\/\" \/>\n<meta property=\"og:locale\" content=\"en_US\" \/>\n<meta property=\"og:type\" content=\"article\" \/>\n<meta property=\"og:title\" content=\"UM User - Martin Konvi\u010dka\" \/>\n<meta property=\"og:url\" content=\"https:\/\/martinkonvicka.cz\/en\/user\/\" \/>\n<meta property=\"og:site_name\" content=\"Martin Konvi\u010dka\" \/>\n<meta property=\"article:modified_time\" content=\"2020-11-03T18:10:25+00:00\" \/>\n<meta name=\"twitter:card\" content=\"summary_large_image\" \/>\n<script type=\"application\/ld+json\" class=\"yoast-schema-graph\">{\"@context\":\"https:\/\/schema.org\",\"@graph\":[{\"@type\":\"WebPage\",\"@id\":\"https:\/\/martinkonvicka.cz\/user\/\",\"url\":\"https:\/\/martinkonvicka.cz\/user\/\",\"name\":\"UM User - Martin Konvi\u010dka\",\"isPartOf\":{\"@id\":\"https:\/\/martinkonvicka.cz\/#website\"},\"datePublished\":\"2020-06-12T12:08:48+00:00\",\"dateModified\":\"2020-11-03T18:10:25+00:00\",\"breadcrumb\":{\"@id\":\"https:\/\/martinkonvicka.cz\/user\/#breadcrumb\"},\"inLanguage\":\"en-US\",\"potentialAction\":[{\"@type\":\"ReadAction\",\"target\":[\"https:\/\/martinkonvicka.cz\/user\/\"]}]},{\"@type\":\"BreadcrumbList\",\"@id\":\"https:\/\/martinkonvicka.cz\/user\/#breadcrumb\",\"itemListElement\":[{\"@type\":\"ListItem\",\"position\":1,\"name\":\"Home\",\"item\":\"https:\/\/martinkonvicka.cz\/\"},{\"@type\":\"ListItem\",\"position\":2,\"name\":\"UM User\"}]},{\"@type\":\"WebSite\",\"@id\":\"https:\/\/martinkonvicka.cz\/#website\",\"url\":\"https:\/\/martinkonvicka.cz\/\",\"name\":\"Martin Konvi\u010dka\",\"description\":\"tren\u00e9r, fitness coach Olomouc, cvi\u010den\u00ed, bolav\u00e1 z\u00e1da, hubnut\u00ed\",\"publisher\":{\"@id\":\"https:\/\/martinkonvicka.cz\/#organization\"},\"potentialAction\":[{\"@type\":\"SearchAction\",\"target\":{\"@type\":\"EntryPoint\",\"urlTemplate\":\"https:\/\/martinkonvicka.cz\/?s={search_term_string}\"},\"query-input\":{\"@type\":\"PropertyValueSpecification\",\"valueRequired\":true,\"valueName\":\"search_term_string\"}}],\"inLanguage\":\"en-US\"},{\"@type\":\"Organization\",\"@id\":\"https:\/\/martinkonvicka.cz\/#organization\",\"name\":\"Martin Konvi\u010dka\",\"alternateName\":\"tren\u00e9r, fitness coach Olomouc\",\"url\":\"https:\/\/martinkonvicka.cz\/\",\"logo\":{\"@type\":\"ImageObject\",\"inLanguage\":\"en-US\",\"@id\":\"https:\/\/martinkonvicka.cz\/#\/schema\/logo\/image\/\",\"url\":\"https:\/\/martinkonvicka.cz\/wp-content\/uploads\/2025\/04\/logo-Martin-Konvicka.png\",\"contentUrl\":\"https:\/\/martinkonvicka.cz\/wp-content\/uploads\/2025\/04\/logo-Martin-Konvicka.png\",\"width\":300,\"height\":162,\"caption\":\"Martin Konvi\u010dka\"},\"image\":{\"@id\":\"https:\/\/martinkonvicka.cz\/#\/schema\/logo\/image\/\"}}]}<\/script>\n<!-- \/ Yoast SEO plugin. -->","yoast_head_json":{"title":"UM User - Martin Konvi\u010dka","robots":{"index":"index","follow":"follow","max-snippet":"max-snippet:-1","max-image-preview":"max-image-preview:large","max-video-preview":"max-video-preview:-1"},"canonical":"https:\/\/martinkonvicka.cz\/en\/user\/","og_locale":"en_US","og_type":"article","og_title":"UM User - Martin Konvi\u010dka","og_url":"https:\/\/martinkonvicka.cz\/en\/user\/","og_site_name":"Martin Konvi\u010dka","article_modified_time":"2020-11-03T18:10:25+00:00","twitter_card":"summary_large_image","schema":{"@context":"https:\/\/schema.org","@graph":[{"@type":"WebPage","@id":"https:\/\/martinkonvicka.cz\/user\/","url":"https:\/\/martinkonvicka.cz\/user\/","name":"UM User - Martin Konvi\u010dka","isPartOf":{"@id":"https:\/\/martinkonvicka.cz\/#website"},"datePublished":"2020-06-12T12:08:48+00:00","dateModified":"2020-11-03T18:10:25+00:00","breadcrumb":{"@id":"https:\/\/martinkonvicka.cz\/user\/#breadcrumb"},"inLanguage":"en-US","potentialAction":[{"@type":"ReadAction","target":["https:\/\/martinkonvicka.cz\/user\/"]}]},{"@type":"BreadcrumbList","@id":"https:\/\/martinkonvicka.cz\/user\/#breadcrumb","itemListElement":[{"@type":"ListItem","position":1,"name":"Home","item":"https:\/\/martinkonvicka.cz\/"},{"@type":"ListItem","position":2,"name":"UM User"}]},{"@type":"WebSite","@id":"https:\/\/martinkonvicka.cz\/#website","url":"https:\/\/martinkonvicka.cz\/","name":"Martin Konvi\u010dka","description":"tren\u00e9r, fitness coach Olomouc, cvi\u010den\u00ed, bolav\u00e1 z\u00e1da, hubnut\u00ed","publisher":{"@id":"https:\/\/martinkonvicka.cz\/#organization"},"potentialAction":[{"@type":"SearchAction","target":{"@type":"EntryPoint","urlTemplate":"https:\/\/martinkonvicka.cz\/?s={search_term_string}"},"query-input":{"@type":"PropertyValueSpecification","valueRequired":true,"valueName":"search_term_string"}}],"inLanguage":"en-US"},{"@type":"Organization","@id":"https:\/\/martinkonvicka.cz\/#organization","name":"Martin Konvi\u010dka","alternateName":"tren\u00e9r, fitness coach Olomouc","url":"https:\/\/martinkonvicka.cz\/","logo":{"@type":"ImageObject","inLanguage":"en-US","@id":"https:\/\/martinkonvicka.cz\/#\/schema\/logo\/image\/","url":"https:\/\/martinkonvicka.cz\/wp-content\/uploads\/2025\/04\/logo-Martin-Konvicka.png","contentUrl":"https:\/\/martinkonvicka.cz\/wp-content\/uploads\/2025\/04\/logo-Martin-Konvicka.png","width":300,"height":162,"caption":"Martin Konvi\u010dka"},"image":{"@id":"https:\/\/martinkonvicka.cz\/#\/schema\/logo\/image\/"}}]}},"_links":{"self":[{"href":"https:\/\/martinkonvicka.cz\/en\/wp-json\/wp\/v2\/pages\/263","targetHints":{"allow":["GET"]}}],"collection":[{"href":"https:\/\/martinkonvicka.cz\/en\/wp-json\/wp\/v2\/pages"}],"about":[{"href":"https:\/\/martinkonvicka.cz\/en\/wp-json\/wp\/v2\/types\/page"}],"author":[{"embeddable":true,"href":"https:\/\/martinkonvicka.cz\/en\/wp-json\/wp\/v2\/users\/1"}],"replies":[{"embeddable":true,"href":"https:\/\/martinkonvicka.cz\/en\/wp-json\/wp\/v2\/comments?post=263"}],"version-history":[{"count":1,"href":"https:\/\/martinkonvicka.cz\/en\/wp-json\/wp\/v2\/pages\/263\/revisions"}],"predecessor-version":[{"id":348,"href":"https:\/\/martinkonvicka.cz\/en\/wp-json\/wp\/v2\/pages\/263\/revisions\/348"}],"wp:attachment":[{"href":"https:\/\/martinkonvicka.cz\/en\/wp-json\/wp\/v2\/media?parent=263"}],"wp:term":[{"taxonomy":"category","embeddable":true,"href":"https:\/\/martinkonvicka.cz\/en\/wp-json\/wp\/v2\/categories?post=263"},{"taxonomy":"post_tag","embeddable":true,"href":"https:\/\/martinkonvicka.cz\/en\/wp-json\/wp\/v2\/tags?post=263"}],"curies":[{"name":"wp","href":"https:\/\/api.w.org\/{rel}","templated":true}]}}