{"id":269,"date":"2020-06-12T12:08:48","date_gmt":"2020-06-12T10:08:48","guid":{"rendered":"http:\/\/martinkonvicka.cz\/password-reset\/"},"modified":"2020-11-03T19:44:51","modified_gmt":"2020-11-03T18:44:51","slug":"password-reset","status":"publish","type":"page","link":"https:\/\/martinkonvicka.cz\/en\/password-reset\/","title":{"rendered":"Obnoven\u00ed hesla"},"content":{"rendered":"<div class=\"um um-password um-um_password_id\">\n\t<div class=\"um-form\">\n\t\t<form method=\"post\" action=\"\" data-trp-original-action=\"\">\n\t\t\t\n\t\t\t\t<input type=\"hidden\" name=\"_um_password_reset\" id=\"_um_password_reset\" value=\"1\" \/>\n\n\t\t\t\t\t\t\t\t\t<div class=\"um-field um-field-block um-field-type_block\">\n\t\t\t\t\t\t<div class=\"um-field-block\">\n\t\t\t\t\t\t\t<div style=\"text-align:center;\">\n\t\t\t\t\t\t\t\tTo reset your password, please enter your email address or username below.\t\t\t\t\t\t\t<\/div>\n\t\t\t\t\t\t<\/div>\n\t\t\t\t\t<\/div>\n\t\t\t\t\t<div  id=\"um_field_0_username_b\" class=\"um-field um-field-text  um-field-username_b um-field-text um-field-type_text\" data-key=\"username_b\"><div class=\"um-field-area\"><input  autocomplete=\"off\" class=\"um-form-field valid\" type=\"text\" name=\"username_b\" id=\"username_b\" value=\"\" placeholder=\"Enter your username or email\" data-validate=\"\" data-key=\"username_b\"  aria-invalid=\"false\" \/>\n\n\t\t\t\t\t\t<\/div><\/div>\t\t\t\t<div class=\"um-col-alt um-col-alt-b\">\n\t\t\t\t\t<div class=\"um-center\">\n\t\t\t\t\t\t<input type=\"submit\" value=\"Reset password\" class=\"um-button\" id=\"um-submit-btn\" \/>\n\t\t\t\t\t<\/div>\n\t\t\t\t\t<div class=\"um-clear\"><\/div>\n\t\t\t\t<\/div>\n\t\t\t\t\t<input type=\"hidden\" name=\"form_id\" id=\"form_id_um_password_id\" value=\"um_password_id\" \/>\n\t\t<p class=\"um_request_name\">\n\t\t<label for=\"um_request_um_password_id\">Only fill in if you are not human<\/label>\n\t\t<input type=\"hidden\" name=\"um_request\" id=\"um_request_um_password_id\" class=\"input\" value=\"\" size=\"25\" autocomplete=\"off\" \/>\n\t<\/p>\n\t\t\t<input type=\"hidden\" name=\"trp-form-language\" value=\"en\"\/><\/form>\n\t<\/div>\n<\/div>\n<style>\n\t\t\t.um-um_password_id.um {\n\t\t\tmax-width: 450px;\n\t\t}\n\t\t<\/style>","protected":false},"excerpt":{"rendered":"","protected":false},"author":1,"featured_media":0,"parent":0,"menu_order":0,"comment_status":"closed","ping_status":"closed","template":"","meta":{"site-sidebar-layout":"default","site-content-layout":"default","ast-site-content-layout":"","site-content-style":"default","site-sidebar-style":"default","ast-global-header-display":"","ast-banner-title-visibility":"","ast-main-header-display":"","ast-hfb-above-header-display":"","ast-hfb-below-header-display":"","ast-hfb-mobile-header-display":"","site-post-title":"","ast-breadcrumbs-content":"","ast-featured-img":"","footer-sml-layout":"","theme-transparent-header-meta":"default","adv-header-id-meta":"","stick-header-meta":"","header-above-stick-meta":"","header-main-stick-meta":"","header-below-stick-meta":"","astra-migrate-meta-layouts":"default","ast-page-background-enabled":"default","ast-page-background-meta":{"desktop":{"background-color":"var(--ast-global-color-4)","background-image":"","background-repeat":"repeat","background-position":"center center","background-size":"auto","background-attachment":"scroll","background-type":"","background-media":"","overlay-type":"","overlay-color":"","overlay-opacity":"","overlay-gradient":""},"tablet":{"background-color":"","background-image":"","background-repeat":"repeat","background-position":"center center","background-size":"auto","background-attachment":"scroll","background-type":"","background-media":"","overlay-type":"","overlay-color":"","overlay-opacity":"","overlay-gradient":""},"mobile":{"background-color":"","background-image":"","background-repeat":"repeat","background-position":"center center","background-size":"auto","background-attachment":"scroll","background-type":"","background-media":"","overlay-type":"","overlay-color":"","overlay-opacity":"","overlay-gradient":""}},"ast-content-background-meta":{"desktop":{"background-color":"var(--ast-global-color-5)","background-image":"","background-repeat":"repeat","background-position":"center center","background-size":"auto","background-attachment":"scroll","background-type":"","background-media":"","overlay-type":"","overlay-color":"","overlay-opacity":"","overlay-gradient":""},"tablet":{"background-color":"var(--ast-global-color-5)","background-image":"","background-repeat":"repeat","background-position":"center center","background-size":"auto","background-attachment":"scroll","background-type":"","background-media":"","overlay-type":"","overlay-color":"","overlay-opacity":"","overlay-gradient":""},"mobile":{"background-color":"var(--ast-global-color-5)","background-image":"","background-repeat":"repeat","background-position":"center center","background-size":"auto","background-attachment":"scroll","background-type":"","background-media":"","overlay-type":"","overlay-color":"","overlay-opacity":"","overlay-gradient":""}},"footnotes":""},"categories":[23],"tags":[],"class_list":["post-269","page","type-page","status-publish","hentry","category-online-akademie"],"yoast_head":"<!-- This site is optimized with the Yoast SEO plugin v26.6 - https:\/\/yoast.com\/wordpress\/plugins\/seo\/ -->\n<title>Obnoven\u00ed hesla - Martin Konvi\u010dka<\/title>\n<meta name=\"robots\" content=\"index, follow, max-snippet:-1, max-image-preview:large, max-video-preview:-1\" \/>\n<link rel=\"canonical\" href=\"https:\/\/martinkonvicka.cz\/en\/password-reset\/\" \/>\n<meta property=\"og:locale\" content=\"en_US\" \/>\n<meta property=\"og:type\" content=\"article\" \/>\n<meta property=\"og:title\" content=\"Obnoven\u00ed hesla - Martin Konvi\u010dka\" \/>\n<meta property=\"og:url\" content=\"https:\/\/martinkonvicka.cz\/en\/password-reset\/\" \/>\n<meta property=\"og:site_name\" content=\"Martin Konvi\u010dka\" \/>\n<meta property=\"article:modified_time\" content=\"2020-11-03T18:44:51+00:00\" \/>\n<meta name=\"twitter:card\" content=\"summary_large_image\" \/>\n<script type=\"application\/ld+json\" class=\"yoast-schema-graph\">{\"@context\":\"https:\/\/schema.org\",\"@graph\":[{\"@type\":\"WebPage\",\"@id\":\"https:\/\/martinkonvicka.cz\/password-reset\/\",\"url\":\"https:\/\/martinkonvicka.cz\/password-reset\/\",\"name\":\"Obnoven\u00ed hesla - Martin Konvi\u010dka\",\"isPartOf\":{\"@id\":\"https:\/\/martinkonvicka.cz\/#website\"},\"datePublished\":\"2020-06-12T10:08:48+00:00\",\"dateModified\":\"2020-11-03T18:44:51+00:00\",\"breadcrumb\":{\"@id\":\"https:\/\/martinkonvicka.cz\/password-reset\/#breadcrumb\"},\"inLanguage\":\"en-US\",\"potentialAction\":[{\"@type\":\"ReadAction\",\"target\":[\"https:\/\/martinkonvicka.cz\/password-reset\/\"]}]},{\"@type\":\"BreadcrumbList\",\"@id\":\"https:\/\/martinkonvicka.cz\/password-reset\/#breadcrumb\",\"itemListElement\":[{\"@type\":\"ListItem\",\"position\":1,\"name\":\"Home\",\"item\":\"https:\/\/martinkonvicka.cz\/\"},{\"@type\":\"ListItem\",\"position\":2,\"name\":\"Obnoven\u00ed hesla\"}]},{\"@type\":\"WebSite\",\"@id\":\"https:\/\/martinkonvicka.cz\/#website\",\"url\":\"https:\/\/martinkonvicka.cz\/\",\"name\":\"Martin Konvi\u010dka\",\"description\":\"tren\u00e9r, fitness coach Olomouc, cvi\u010den\u00ed, bolav\u00e1 z\u00e1da, hubnut\u00ed\",\"publisher\":{\"@id\":\"https:\/\/martinkonvicka.cz\/#organization\"},\"potentialAction\":[{\"@type\":\"SearchAction\",\"target\":{\"@type\":\"EntryPoint\",\"urlTemplate\":\"https:\/\/martinkonvicka.cz\/?s={search_term_string}\"},\"query-input\":{\"@type\":\"PropertyValueSpecification\",\"valueRequired\":true,\"valueName\":\"search_term_string\"}}],\"inLanguage\":\"en-US\"},{\"@type\":\"Organization\",\"@id\":\"https:\/\/martinkonvicka.cz\/#organization\",\"name\":\"Martin Konvi\u010dka\",\"alternateName\":\"tren\u00e9r, fitness coach Olomouc\",\"url\":\"https:\/\/martinkonvicka.cz\/\",\"logo\":{\"@type\":\"ImageObject\",\"inLanguage\":\"en-US\",\"@id\":\"https:\/\/martinkonvicka.cz\/#\/schema\/logo\/image\/\",\"url\":\"https:\/\/martinkonvicka.cz\/wp-content\/uploads\/2025\/04\/logo-Martin-Konvicka.png\",\"contentUrl\":\"https:\/\/martinkonvicka.cz\/wp-content\/uploads\/2025\/04\/logo-Martin-Konvicka.png\",\"width\":300,\"height\":162,\"caption\":\"Martin Konvi\u010dka\"},\"image\":{\"@id\":\"https:\/\/martinkonvicka.cz\/#\/schema\/logo\/image\/\"}}]}<\/script>\n<!-- \/ Yoast SEO plugin. -->","yoast_head_json":{"title":"Obnoven\u00ed hesla - Martin Konvi\u010dka","robots":{"index":"index","follow":"follow","max-snippet":"max-snippet:-1","max-image-preview":"max-image-preview:large","max-video-preview":"max-video-preview:-1"},"canonical":"https:\/\/martinkonvicka.cz\/en\/password-reset\/","og_locale":"en_US","og_type":"article","og_title":"Obnoven\u00ed hesla - Martin Konvi\u010dka","og_url":"https:\/\/martinkonvicka.cz\/en\/password-reset\/","og_site_name":"Martin Konvi\u010dka","article_modified_time":"2020-11-03T18:44:51+00:00","twitter_card":"summary_large_image","schema":{"@context":"https:\/\/schema.org","@graph":[{"@type":"WebPage","@id":"https:\/\/martinkonvicka.cz\/password-reset\/","url":"https:\/\/martinkonvicka.cz\/password-reset\/","name":"Obnoven\u00ed hesla - Martin Konvi\u010dka","isPartOf":{"@id":"https:\/\/martinkonvicka.cz\/#website"},"datePublished":"2020-06-12T10:08:48+00:00","dateModified":"2020-11-03T18:44:51+00:00","breadcrumb":{"@id":"https:\/\/martinkonvicka.cz\/password-reset\/#breadcrumb"},"inLanguage":"en-US","potentialAction":[{"@type":"ReadAction","target":["https:\/\/martinkonvicka.cz\/password-reset\/"]}]},{"@type":"BreadcrumbList","@id":"https:\/\/martinkonvicka.cz\/password-reset\/#breadcrumb","itemListElement":[{"@type":"ListItem","position":1,"name":"Home","item":"https:\/\/martinkonvicka.cz\/"},{"@type":"ListItem","position":2,"name":"Obnoven\u00ed hesla"}]},{"@type":"WebSite","@id":"https:\/\/martinkonvicka.cz\/#website","url":"https:\/\/martinkonvicka.cz\/","name":"Martin Konvi\u010dka","description":"tren\u00e9r, fitness coach Olomouc, cvi\u010den\u00ed, bolav\u00e1 z\u00e1da, hubnut\u00ed","publisher":{"@id":"https:\/\/martinkonvicka.cz\/#organization"},"potentialAction":[{"@type":"SearchAction","target":{"@type":"EntryPoint","urlTemplate":"https:\/\/martinkonvicka.cz\/?s={search_term_string}"},"query-input":{"@type":"PropertyValueSpecification","valueRequired":true,"valueName":"search_term_string"}}],"inLanguage":"en-US"},{"@type":"Organization","@id":"https:\/\/martinkonvicka.cz\/#organization","name":"Martin Konvi\u010dka","alternateName":"tren\u00e9r, fitness coach Olomouc","url":"https:\/\/martinkonvicka.cz\/","logo":{"@type":"ImageObject","inLanguage":"en-US","@id":"https:\/\/martinkonvicka.cz\/#\/schema\/logo\/image\/","url":"https:\/\/martinkonvicka.cz\/wp-content\/uploads\/2025\/04\/logo-Martin-Konvicka.png","contentUrl":"https:\/\/martinkonvicka.cz\/wp-content\/uploads\/2025\/04\/logo-Martin-Konvicka.png","width":300,"height":162,"caption":"Martin Konvi\u010dka"},"image":{"@id":"https:\/\/martinkonvicka.cz\/#\/schema\/logo\/image\/"}}]}},"_links":{"self":[{"href":"https:\/\/martinkonvicka.cz\/en\/wp-json\/wp\/v2\/pages\/269","targetHints":{"allow":["GET"]}}],"collection":[{"href":"https:\/\/martinkonvicka.cz\/en\/wp-json\/wp\/v2\/pages"}],"about":[{"href":"https:\/\/martinkonvicka.cz\/en\/wp-json\/wp\/v2\/types\/page"}],"author":[{"embeddable":true,"href":"https:\/\/martinkonvicka.cz\/en\/wp-json\/wp\/v2\/users\/1"}],"replies":[{"embeddable":true,"href":"https:\/\/martinkonvicka.cz\/en\/wp-json\/wp\/v2\/comments?post=269"}],"version-history":[{"count":3,"href":"https:\/\/martinkonvicka.cz\/en\/wp-json\/wp\/v2\/pages\/269\/revisions"}],"predecessor-version":[{"id":3669,"href":"https:\/\/martinkonvicka.cz\/en\/wp-json\/wp\/v2\/pages\/269\/revisions\/3669"}],"wp:attachment":[{"href":"https:\/\/martinkonvicka.cz\/en\/wp-json\/wp\/v2\/media?parent=269"}],"wp:term":[{"taxonomy":"category","embeddable":true,"href":"https:\/\/martinkonvicka.cz\/en\/wp-json\/wp\/v2\/categories?post=269"},{"taxonomy":"post_tag","embeddable":true,"href":"https:\/\/martinkonvicka.cz\/en\/wp-json\/wp\/v2\/tags?post=269"}],"curies":[{"name":"wp","href":"https:\/\/api.w.org\/{rel}","templated":true}]}}