{"id":3854,"date":"2020-11-04T18:21:10","date_gmt":"2020-11-04T17:21:10","guid":{"rendered":"https:\/\/martinkonvicka.cz\/?page_id=3854"},"modified":"2021-01-11T17:42:52","modified_gmt":"2021-01-11T16:42:52","slug":"neautorizovany-pristup","status":"publish","type":"page","link":"https:\/\/martinkonvicka.cz\/en\/online-akademie\/neautorizovany-pristup\/","title":{"rendered":"Neautorizovan\u00fd p\u0159\u00edstup"},"content":{"rendered":"<div data-elementor-type=\"wp-page\" data-elementor-id=\"3854\" class=\"elementor elementor-3854\">\n\t\t\t\t\t\t<section class=\"elementor-section elementor-top-section elementor-element elementor-element-4275f2a elementor-section-boxed elementor-section-height-default elementor-section-height-default\" data-id=\"4275f2a\" data-element_type=\"section\">\n\t\t\t\t\t\t\t<div class=\"elementor-background-overlay\"><\/div>\n\t\t\t\t\t\t\t<div class=\"elementor-container elementor-column-gap-default\">\n\t\t\t\t\t<div class=\"elementor-column elementor-col-100 elementor-top-column elementor-element elementor-element-7c0e5f3\" data-id=\"7c0e5f3\" data-element_type=\"column\">\n\t\t\t<div class=\"elementor-widget-wrap elementor-element-populated\">\n\t\t\t\t\t\t<div class=\"elementor-element elementor-element-67413fb elementor-widget elementor-widget-spacer\" data-id=\"67413fb\" data-element_type=\"widget\" data-widget_type=\"spacer.default\">\n\t\t\t\t<div class=\"elementor-widget-container\">\n\t\t\t\t\t\t\t<div class=\"elementor-spacer\">\n\t\t\t<div class=\"elementor-spacer-inner\"><\/div>\n\t\t<\/div>\n\t\t\t\t\t\t<\/div>\n\t\t\t\t<\/div>\n\t\t\t\t<div class=\"elementor-element elementor-element-28e24ba elementor-widget elementor-widget-spacer\" data-id=\"28e24ba\" data-element_type=\"widget\" data-widget_type=\"spacer.default\">\n\t\t\t\t<div class=\"elementor-widget-container\">\n\t\t\t\t\t\t\t<div class=\"elementor-spacer\">\n\t\t\t<div class=\"elementor-spacer-inner\"><\/div>\n\t\t<\/div>\n\t\t\t\t\t\t<\/div>\n\t\t\t\t<\/div>\n\t\t\t\t\t<\/div>\n\t\t<\/div>\n\t\t\t\t\t<\/div>\n\t\t<\/section>\n\t\t\t\t<section class=\"elementor-section elementor-top-section elementor-element elementor-element-5f54463 elementor-section-boxed elementor-section-height-default elementor-section-height-default\" data-id=\"5f54463\" data-element_type=\"section\">\n\t\t\t\t\t\t<div class=\"elementor-container elementor-column-gap-default\">\n\t\t\t\t\t<div class=\"elementor-column elementor-col-100 elementor-top-column elementor-element elementor-element-6f534c0\" data-id=\"6f534c0\" data-element_type=\"column\">\n\t\t\t<div class=\"elementor-widget-wrap elementor-element-populated\">\n\t\t\t\t\t\t\t<\/div>\n\t\t<\/div>\n\t\t\t\t\t<\/div>\n\t\t<\/section>\n\t\t\t\t<section class=\"elementor-section elementor-top-section elementor-element elementor-element-7223e75 elementor-section-boxed elementor-section-height-default elementor-section-height-default\" data-id=\"7223e75\" data-element_type=\"section\">\n\t\t\t\t\t\t<div class=\"elementor-container elementor-column-gap-default\">\n\t\t\t\t\t<div class=\"elementor-column elementor-col-100 elementor-top-column elementor-element elementor-element-60d4eb3\" data-id=\"60d4eb3\" data-element_type=\"column\">\n\t\t\t<div class=\"elementor-widget-wrap elementor-element-populated\">\n\t\t\t\t\t\t<div class=\"elementor-element elementor-element-fb91e9b elementor-widget elementor-widget-spacer\" data-id=\"fb91e9b\" data-element_type=\"widget\" data-widget_type=\"spacer.default\">\n\t\t\t\t<div class=\"elementor-widget-container\">\n\t\t\t\t\t\t\t<div class=\"elementor-spacer\">\n\t\t\t<div class=\"elementor-spacer-inner\"><\/div>\n\t\t<\/div>\n\t\t\t\t\t\t<\/div>\n\t\t\t\t<\/div>\n\t\t\t\t<div class=\"elementor-element elementor-element-f6debe8 elementor-widget elementor-widget-text-editor\" data-id=\"f6debe8\" data-element_type=\"widget\" data-widget_type=\"text-editor.default\">\n\t\t\t\t<div class=\"elementor-widget-container\">\n\t\t\t\t\t\t\t\t\t<p><\/p>\n<p>\t\t<div data-elementor-type=\"section\" data-elementor-id=\"3865\" class=\"elementor elementor-3865\">\n\t\t\t\t\t\t<section class=\"elementor-section elementor-top-section elementor-element elementor-element-4f169da0 elementor-section-boxed elementor-section-height-default elementor-section-height-default\" data-id=\"4f169da0\" data-element_type=\"section\">\n\t\t\t\t\t\t<div class=\"elementor-container elementor-column-gap-default\">\n\t\t\t\t\t<div class=\"elementor-column elementor-col-100 elementor-top-column elementor-element elementor-element-53cef7c4\" data-id=\"53cef7c4\" data-element_type=\"column\">\n\t\t\t<div class=\"elementor-widget-wrap elementor-element-populated\">\n\t\t\t\t\t\t<div class=\"elementor-element elementor-element-2f22aefc elementor-widget elementor-widget-text-editor\" data-id=\"2f22aefc\" data-element_type=\"widget\" data-widget_type=\"text-editor.default\">\n\t\t\t\t<div class=\"elementor-widget-container\">\n\t\t\t\t\t\t\t\t\t<h4 style=\"text-align: center;\">V\u00e1mi vy\u017e\u00e1dan\u00e1 str\u00e1nka je dostupn\u00e1 pouze pro p\u0159\u00edhl\u00e1\u0161en\u00e9 u\u017eivatele.<\/h4><h4 style=\"text-align: center;\">P\u0159ihla\u0161te se, pros\u00edm, a zkuste to znovu.<\/h4>\t\t\t\t\t\t\t\t<\/div>\n\t\t\t\t<\/div>\n\t\t\t\t<section class=\"elementor-section elementor-inner-section elementor-element elementor-element-7afb2354 elementor-section-boxed elementor-section-height-default elementor-section-height-default\" data-id=\"7afb2354\" data-element_type=\"section\">\n\t\t\t\t\t\t<div class=\"elementor-container elementor-column-gap-default\">\n\t\t\t\t\t<div class=\"elementor-column elementor-col-33 elementor-inner-column elementor-element elementor-element-694b26b9\" data-id=\"694b26b9\" data-element_type=\"column\">\n\t\t\t<div class=\"elementor-widget-wrap\">\n\t\t\t\t\t\t\t<\/div>\n\t\t<\/div>\n\t\t\t\t<div class=\"elementor-column elementor-col-33 elementor-inner-column elementor-element elementor-element-68d72384\" data-id=\"68d72384\" data-element_type=\"column\">\n\t\t\t<div class=\"elementor-widget-wrap elementor-element-populated\">\n\t\t\t\t\t\t<div class=\"elementor-element elementor-element-65ce6c3d elementor-align-center elementor-widget elementor-widget-button\" data-id=\"65ce6c3d\" data-element_type=\"widget\" data-widget_type=\"button.default\">\n\t\t\t\t<div class=\"elementor-widget-container\">\n\t\t\t\t\t\t\t\t\t<div class=\"elementor-button-wrapper\">\n\t\t\t\t\t<a class=\"elementor-button elementor-button-link elementor-size-sm\" href=\"https:\/\/martinkonvicka.cz\/en\/login\/\">\n\t\t\t\t\t\t<span class=\"elementor-button-content-wrapper\">\n\t\t\t\t\t\t\t\t\t<span class=\"elementor-button-text\">P\u0159ihl\u00e1sit<\/span>\n\t\t\t\t\t<\/span>\n\t\t\t\t\t<\/a>\n\t\t\t\t<\/div>\n\t\t\t\t\t\t\t\t<\/div>\n\t\t\t\t<\/div>\n\t\t\t\t\t<\/div>\n\t\t<\/div>\n\t\t\t\t<div class=\"elementor-column elementor-col-33 elementor-inner-column elementor-element elementor-element-649fcd0a\" data-id=\"649fcd0a\" data-element_type=\"column\">\n\t\t\t<div class=\"elementor-widget-wrap\">\n\t\t\t\t\t\t\t<\/div>\n\t\t<\/div>\n\t\t\t\t\t<\/div>\n\t\t<\/section>\n\t\t\t\t<div class=\"elementor-element elementor-element-d7819d4 elementor-widget elementor-widget-spacer\" data-id=\"d7819d4\" data-element_type=\"widget\" data-widget_type=\"spacer.default\">\n\t\t\t\t<div class=\"elementor-widget-container\">\n\t\t\t\t\t\t\t<div class=\"elementor-spacer\">\n\t\t\t<div class=\"elementor-spacer-inner\"><\/div>\n\t\t<\/div>\n\t\t\t\t\t\t<\/div>\n\t\t\t\t<\/div>\n\t\t\t\t<div class=\"elementor-element elementor-element-2028ef5d elementor-widget elementor-widget-text-editor\" data-id=\"2028ef5d\" data-element_type=\"widget\" data-widget_type=\"text-editor.default\">\n\t\t\t\t<div class=\"elementor-widget-container\">\n\t\t\t\t\t\t\t\t\t<h4 style=\"text-align: center;\">Pokud je\u0161t\u011b \u00fa\u010det nem\u00e1te, nev\u00e1hejte. Za minutku budete m\u00edt hotovo. <img decoding=\"async\" class=\"emoji\" role=\"img\" draggable=\"false\" src=\"https:\/\/s.w.org\/images\/core\/emoji\/13.0.0\/svg\/1f60e.svg\" alt=\"\ud83d\ude0e\" \/><\/h4>\t\t\t\t\t\t\t\t<\/div>\n\t\t\t\t<\/div>\n\t\t\t\t<section class=\"elementor-section elementor-inner-section elementor-element elementor-element-4be76d5 elementor-section-boxed elementor-section-height-default elementor-section-height-default\" data-id=\"4be76d5\" data-element_type=\"section\">\n\t\t\t\t\t\t<div class=\"elementor-container elementor-column-gap-default\">\n\t\t\t\t\t<div class=\"elementor-column elementor-col-33 elementor-inner-column elementor-element elementor-element-254bee4f\" data-id=\"254bee4f\" data-element_type=\"column\">\n\t\t\t<div class=\"elementor-widget-wrap\">\n\t\t\t\t\t\t\t<\/div>\n\t\t<\/div>\n\t\t\t\t<div class=\"elementor-column elementor-col-33 elementor-inner-column elementor-element elementor-element-5338d670\" data-id=\"5338d670\" data-element_type=\"column\">\n\t\t\t<div class=\"elementor-widget-wrap elementor-element-populated\">\n\t\t\t\t\t\t<div class=\"elementor-element elementor-element-fff4d8f elementor-align-center elementor-widget elementor-widget-button\" data-id=\"fff4d8f\" data-element_type=\"widget\" data-widget_type=\"button.default\">\n\t\t\t\t<div class=\"elementor-widget-container\">\n\t\t\t\t\t\t\t\t\t<div class=\"elementor-button-wrapper\">\n\t\t\t\t\t<a class=\"elementor-button elementor-button-link elementor-size-sm\" href=\"https:\/\/martinkonvicka.cz\/en\/register\/\">\n\t\t\t\t\t\t<span class=\"elementor-button-content-wrapper\">\n\t\t\t\t\t\t\t\t\t<span class=\"elementor-button-text\">Registrovat<\/span>\n\t\t\t\t\t<\/span>\n\t\t\t\t\t<\/a>\n\t\t\t\t<\/div>\n\t\t\t\t\t\t\t\t<\/div>\n\t\t\t\t<\/div>\n\t\t\t\t\t<\/div>\n\t\t<\/div>\n\t\t\t\t<div class=\"elementor-column elementor-col-33 elementor-inner-column elementor-element elementor-element-38451e62\" data-id=\"38451e62\" data-element_type=\"column\">\n\t\t\t<div class=\"elementor-widget-wrap\">\n\t\t\t\t\t\t\t<\/div>\n\t\t<\/div>\n\t\t\t\t\t<\/div>\n\t\t<\/section>\n\t\t\t\t\t<\/div>\n\t\t<\/div>\n\t\t\t\t\t<\/div>\n\t\t<\/section>\n\t\t\t\t<\/div>\n\t\t<\/p>\n<p>\n<\/p><p>\u00a0<\/p>\t\t\t\t\t\t\t\t<\/div>\n\t\t\t\t<\/div>\n\t\t\t\t<div class=\"elementor-element elementor-element-6bc46ce elementor-widget elementor-widget-text-editor\" data-id=\"6bc46ce\" data-element_type=\"widget\" data-widget_type=\"text-editor.default\">\n\t\t\t\t<div class=\"elementor-widget-container\">\n\t\t\t\t\t\t\t\t\t<p><div class=\"um-locked-content\">\n\t<div class=\"um-locked-content-msg\">This content has been restricted to logged-in users only. Please <a href=\"https:\/\/martinkonvicka.cz\/en\/login\/?redirect_to=https%3A%2F%2Fmartinkonvicka.cz%2Fen%2Fwp-json%2Fwp%2Fv2%2Fpages%2F3854\">log in<\/a> to view this content.<\/div>\n<\/div>\n<\/p>\t\t\t\t\t\t\t\t<\/div>\n\t\t\t\t<\/div>\n\t\t\t\t\t<\/div>\n\t\t<\/div>\n\t\t\t\t\t<\/div>\n\t\t<\/section>\n\t\t\t\t<\/div>","protected":false},"excerpt":{"rendered":"<p>\u00a0<\/p>","protected":false},"author":1,"featured_media":0,"parent":694,"menu_order":0,"comment_status":"closed","ping_status":"closed","template":"","meta":{"site-sidebar-layout":"no-sidebar","site-content-layout":"page-builder","ast-site-content-layout":"","site-content-style":"default","site-sidebar-style":"default","ast-global-header-display":"","ast-banner-title-visibility":"","ast-main-header-display":"","ast-hfb-above-header-display":"","ast-hfb-below-header-display":"","ast-hfb-mobile-header-display":"","site-post-title":"disabled","ast-breadcrumbs-content":"","ast-featured-img":"disabled","footer-sml-layout":"","theme-transparent-header-meta":"default","adv-header-id-meta":"","stick-header-meta":"","header-above-stick-meta":"","header-main-stick-meta":"","header-below-stick-meta":"","astra-migrate-meta-layouts":"default","ast-page-background-enabled":"default","ast-page-background-meta":{"desktop":{"background-color":"var(--ast-global-color-4)","background-image":"","background-repeat":"repeat","background-position":"center center","background-size":"auto","background-attachment":"scroll","background-type":"","background-media":"","overlay-type":"","overlay-color":"","overlay-opacity":"","overlay-gradient":""},"tablet":{"background-color":"","background-image":"","background-repeat":"repeat","background-position":"center center","background-size":"auto","background-attachment":"scroll","background-type":"","background-media":"","overlay-type":"","overlay-color":"","overlay-opacity":"","overlay-gradient":""},"mobile":{"background-color":"","background-image":"","background-repeat":"repeat","background-position":"center center","background-size":"auto","background-attachment":"scroll","background-type":"","background-media":"","overlay-type":"","overlay-color":"","overlay-opacity":"","overlay-gradient":""}},"ast-content-background-meta":{"desktop":{"background-color":"var(--ast-global-color-5)","background-image":"","background-repeat":"repeat","background-position":"center center","background-size":"auto","background-attachment":"scroll","background-type":"","background-media":"","overlay-type":"","overlay-color":"","overlay-opacity":"","overlay-gradient":""},"tablet":{"background-color":"var(--ast-global-color-5)","background-image":"","background-repeat":"repeat","background-position":"center center","background-size":"auto","background-attachment":"scroll","background-type":"","background-media":"","overlay-type":"","overlay-color":"","overlay-opacity":"","overlay-gradient":""},"mobile":{"background-color":"var(--ast-global-color-5)","background-image":"","background-repeat":"repeat","background-position":"center center","background-size":"auto","background-attachment":"scroll","background-type":"","background-media":"","overlay-type":"","overlay-color":"","overlay-opacity":"","overlay-gradient":""}},"footnotes":""},"categories":[23],"tags":[],"class_list":["post-3854","page","type-page","status-publish","hentry","category-online-akademie"],"yoast_head":"<!-- This site is optimized with the Yoast SEO plugin v26.6 - https:\/\/yoast.com\/wordpress\/plugins\/seo\/ -->\n<title>Neautorizovan\u00fd p\u0159\u00edstup - Martin Konvi\u010dka<\/title>\n<meta name=\"robots\" content=\"index, follow, max-snippet:-1, max-image-preview:large, max-video-preview:-1\" \/>\n<link rel=\"canonical\" href=\"https:\/\/martinkonvicka.cz\/en\/online-akademie\/neautorizovany-pristup\/\" \/>\n<meta property=\"og:locale\" content=\"en_US\" \/>\n<meta property=\"og:type\" content=\"article\" \/>\n<meta property=\"og:title\" content=\"Neautorizovan\u00fd p\u0159\u00edstup - Martin Konvi\u010dka\" \/>\n<meta property=\"og:description\" content=\"\u00a0\" \/>\n<meta property=\"og:url\" content=\"https:\/\/martinkonvicka.cz\/en\/online-akademie\/neautorizovany-pristup\/\" \/>\n<meta property=\"og:site_name\" content=\"Martin Konvi\u010dka\" \/>\n<meta property=\"article:modified_time\" content=\"2021-01-11T16:42:52+00:00\" \/>\n<meta name=\"twitter:card\" content=\"summary_large_image\" \/>\n<script type=\"application\/ld+json\" class=\"yoast-schema-graph\">{\"@context\":\"https:\/\/schema.org\",\"@graph\":[{\"@type\":\"WebPage\",\"@id\":\"https:\/\/martinkonvicka.cz\/online-akademie\/neautorizovany-pristup\/\",\"url\":\"https:\/\/martinkonvicka.cz\/online-akademie\/neautorizovany-pristup\/\",\"name\":\"Neautorizovan\u00fd p\u0159\u00edstup - Martin Konvi\u010dka\",\"isPartOf\":{\"@id\":\"https:\/\/martinkonvicka.cz\/#website\"},\"datePublished\":\"2020-11-04T17:21:10+00:00\",\"dateModified\":\"2021-01-11T16:42:52+00:00\",\"breadcrumb\":{\"@id\":\"https:\/\/martinkonvicka.cz\/online-akademie\/neautorizovany-pristup\/#breadcrumb\"},\"inLanguage\":\"en-US\",\"potentialAction\":[{\"@type\":\"ReadAction\",\"target\":[\"https:\/\/martinkonvicka.cz\/online-akademie\/neautorizovany-pristup\/\"]}]},{\"@type\":\"BreadcrumbList\",\"@id\":\"https:\/\/martinkonvicka.cz\/online-akademie\/neautorizovany-pristup\/#breadcrumb\",\"itemListElement\":[{\"@type\":\"ListItem\",\"position\":1,\"name\":\"Home\",\"item\":\"https:\/\/martinkonvicka.cz\/\"},{\"@type\":\"ListItem\",\"position\":2,\"name\":\"Online Akademie\",\"item\":\"https:\/\/martinkonvicka.cz\/online-akademie\/\"},{\"@type\":\"ListItem\",\"position\":3,\"name\":\"Neautorizovan\u00fd p\u0159\u00edstup\"}]},{\"@type\":\"WebSite\",\"@id\":\"https:\/\/martinkonvicka.cz\/#website\",\"url\":\"https:\/\/martinkonvicka.cz\/\",\"name\":\"Martin Konvi\u010dka\",\"description\":\"tren\u00e9r, fitness coach Olomouc, cvi\u010den\u00ed, bolav\u00e1 z\u00e1da, hubnut\u00ed\",\"publisher\":{\"@id\":\"https:\/\/martinkonvicka.cz\/#organization\"},\"potentialAction\":[{\"@type\":\"SearchAction\",\"target\":{\"@type\":\"EntryPoint\",\"urlTemplate\":\"https:\/\/martinkonvicka.cz\/?s={search_term_string}\"},\"query-input\":{\"@type\":\"PropertyValueSpecification\",\"valueRequired\":true,\"valueName\":\"search_term_string\"}}],\"inLanguage\":\"en-US\"},{\"@type\":\"Organization\",\"@id\":\"https:\/\/martinkonvicka.cz\/#organization\",\"name\":\"Martin Konvi\u010dka\",\"alternateName\":\"tren\u00e9r, fitness coach Olomouc\",\"url\":\"https:\/\/martinkonvicka.cz\/\",\"logo\":{\"@type\":\"ImageObject\",\"inLanguage\":\"en-US\",\"@id\":\"https:\/\/martinkonvicka.cz\/#\/schema\/logo\/image\/\",\"url\":\"https:\/\/martinkonvicka.cz\/wp-content\/uploads\/2025\/04\/logo-Martin-Konvicka.png\",\"contentUrl\":\"https:\/\/martinkonvicka.cz\/wp-content\/uploads\/2025\/04\/logo-Martin-Konvicka.png\",\"width\":300,\"height\":162,\"caption\":\"Martin Konvi\u010dka\"},\"image\":{\"@id\":\"https:\/\/martinkonvicka.cz\/#\/schema\/logo\/image\/\"}}]}<\/script>\n<!-- \/ Yoast SEO plugin. -->","yoast_head_json":{"title":"Neautorizovan\u00fd p\u0159\u00edstup - Martin Konvi\u010dka","robots":{"index":"index","follow":"follow","max-snippet":"max-snippet:-1","max-image-preview":"max-image-preview:large","max-video-preview":"max-video-preview:-1"},"canonical":"https:\/\/martinkonvicka.cz\/en\/online-akademie\/neautorizovany-pristup\/","og_locale":"en_US","og_type":"article","og_title":"Neautorizovan\u00fd p\u0159\u00edstup - Martin Konvi\u010dka","og_description":"\u00a0","og_url":"https:\/\/martinkonvicka.cz\/en\/online-akademie\/neautorizovany-pristup\/","og_site_name":"Martin Konvi\u010dka","article_modified_time":"2021-01-11T16:42:52+00:00","twitter_card":"summary_large_image","schema":{"@context":"https:\/\/schema.org","@graph":[{"@type":"WebPage","@id":"https:\/\/martinkonvicka.cz\/online-akademie\/neautorizovany-pristup\/","url":"https:\/\/martinkonvicka.cz\/online-akademie\/neautorizovany-pristup\/","name":"Neautorizovan\u00fd p\u0159\u00edstup - Martin Konvi\u010dka","isPartOf":{"@id":"https:\/\/martinkonvicka.cz\/#website"},"datePublished":"2020-11-04T17:21:10+00:00","dateModified":"2021-01-11T16:42:52+00:00","breadcrumb":{"@id":"https:\/\/martinkonvicka.cz\/online-akademie\/neautorizovany-pristup\/#breadcrumb"},"inLanguage":"en-US","potentialAction":[{"@type":"ReadAction","target":["https:\/\/martinkonvicka.cz\/online-akademie\/neautorizovany-pristup\/"]}]},{"@type":"BreadcrumbList","@id":"https:\/\/martinkonvicka.cz\/online-akademie\/neautorizovany-pristup\/#breadcrumb","itemListElement":[{"@type":"ListItem","position":1,"name":"Home","item":"https:\/\/martinkonvicka.cz\/"},{"@type":"ListItem","position":2,"name":"Online Akademie","item":"https:\/\/martinkonvicka.cz\/online-akademie\/"},{"@type":"ListItem","position":3,"name":"Neautorizovan\u00fd p\u0159\u00edstup"}]},{"@type":"WebSite","@id":"https:\/\/martinkonvicka.cz\/#website","url":"https:\/\/martinkonvicka.cz\/","name":"Martin Konvi\u010dka","description":"tren\u00e9r, fitness coach Olomouc, cvi\u010den\u00ed, bolav\u00e1 z\u00e1da, hubnut\u00ed","publisher":{"@id":"https:\/\/martinkonvicka.cz\/#organization"},"potentialAction":[{"@type":"SearchAction","target":{"@type":"EntryPoint","urlTemplate":"https:\/\/martinkonvicka.cz\/?s={search_term_string}"},"query-input":{"@type":"PropertyValueSpecification","valueRequired":true,"valueName":"search_term_string"}}],"inLanguage":"en-US"},{"@type":"Organization","@id":"https:\/\/martinkonvicka.cz\/#organization","name":"Martin Konvi\u010dka","alternateName":"tren\u00e9r, fitness coach Olomouc","url":"https:\/\/martinkonvicka.cz\/","logo":{"@type":"ImageObject","inLanguage":"en-US","@id":"https:\/\/martinkonvicka.cz\/#\/schema\/logo\/image\/","url":"https:\/\/martinkonvicka.cz\/wp-content\/uploads\/2025\/04\/logo-Martin-Konvicka.png","contentUrl":"https:\/\/martinkonvicka.cz\/wp-content\/uploads\/2025\/04\/logo-Martin-Konvicka.png","width":300,"height":162,"caption":"Martin Konvi\u010dka"},"image":{"@id":"https:\/\/martinkonvicka.cz\/#\/schema\/logo\/image\/"}}]}},"_links":{"self":[{"href":"https:\/\/martinkonvicka.cz\/en\/wp-json\/wp\/v2\/pages\/3854","targetHints":{"allow":["GET"]}}],"collection":[{"href":"https:\/\/martinkonvicka.cz\/en\/wp-json\/wp\/v2\/pages"}],"about":[{"href":"https:\/\/martinkonvicka.cz\/en\/wp-json\/wp\/v2\/types\/page"}],"author":[{"embeddable":true,"href":"https:\/\/martinkonvicka.cz\/en\/wp-json\/wp\/v2\/users\/1"}],"replies":[{"embeddable":true,"href":"https:\/\/martinkonvicka.cz\/en\/wp-json\/wp\/v2\/comments?post=3854"}],"version-history":[{"count":14,"href":"https:\/\/martinkonvicka.cz\/en\/wp-json\/wp\/v2\/pages\/3854\/revisions"}],"predecessor-version":[{"id":4352,"href":"https:\/\/martinkonvicka.cz\/en\/wp-json\/wp\/v2\/pages\/3854\/revisions\/4352"}],"up":[{"embeddable":true,"href":"https:\/\/martinkonvicka.cz\/en\/wp-json\/wp\/v2\/pages\/694"}],"wp:attachment":[{"href":"https:\/\/martinkonvicka.cz\/en\/wp-json\/wp\/v2\/media?parent=3854"}],"wp:term":[{"taxonomy":"category","embeddable":true,"href":"https:\/\/martinkonvicka.cz\/en\/wp-json\/wp\/v2\/categories?post=3854"},{"taxonomy":"post_tag","embeddable":true,"href":"https:\/\/martinkonvicka.cz\/en\/wp-json\/wp\/v2\/tags?post=3854"}],"curies":[{"name":"wp","href":"https:\/\/api.w.org\/{rel}","templated":true}]}}