{"id":4750,"date":"2021-05-22T19:57:29","date_gmt":"2021-05-22T17:57:29","guid":{"rendered":"https:\/\/martinkonvicka.cz\/?page_id=4750"},"modified":"2021-06-08T19:00:13","modified_gmt":"2021-06-08T17:00:13","slug":"muj-pribeh","status":"publish","type":"page","link":"https:\/\/martinkonvicka.cz\/en\/muj-pribeh\/","title":{"rendered":"M\u016fj p\u0159\u00edb\u011bh"},"content":{"rendered":"<div data-elementor-type=\"wp-page\" data-elementor-id=\"4750\" class=\"elementor elementor-4750\">\n\t\t\t\t\t\t<section class=\"elementor-section elementor-top-section elementor-element elementor-element-b30b52c elementor-section-stretched elementor-reverse-mobile animated-slow elementor-section-boxed elementor-section-height-default elementor-section-height-default elementor-invisible\" data-id=\"b30b52c\" data-element_type=\"section\" data-settings=\"{&quot;stretch_section&quot;:&quot;section-stretched&quot;,&quot;animation&quot;:&quot;fadeIn&quot;}\">\n\t\t\t\t\t\t\t<div class=\"elementor-background-overlay\"><\/div>\n\t\t\t\t\t\t\t<div class=\"elementor-container elementor-column-gap-default\">\n\t\t\t\t\t<div class=\"elementor-column elementor-col-100 elementor-top-column elementor-element elementor-element-f531c2e\" data-id=\"f531c2e\" data-element_type=\"column\">\n\t\t\t<div class=\"elementor-widget-wrap elementor-element-populated\">\n\t\t\t\t\t\t<div class=\"elementor-element elementor-element-7915cec elementor-widget elementor-widget-heading\" data-id=\"7915cec\" data-element_type=\"widget\" data-widget_type=\"heading.default\">\n\t\t\t\t<div class=\"elementor-widget-container\">\n\t\t\t\t\t<h1 class=\"elementor-heading-title elementor-size-default\"><h3 class=\"elementor-heading-title elementor-size-default elementor-inline-editing pen\" data-elementor-setting-key=\"title\" data-pen-placeholder=\"Pi\u0161te zde...\"><\/h3><h3 class=\"elementor-heading-title elementor-size-default elementor-inline-editing pen\" data-elementor-setting-key=\"title\" data-pen-placeholder=\"Pi\u0161te zde...\">M\u016fj p\u0159\u00edb\u011bh<\/h3><\/h1>\t\t\t\t<\/div>\n\t\t\t\t<\/div>\n\t\t\t\t<div class=\"elementor-element elementor-element-17046c4 elementor-widget-divider--view-line elementor-widget elementor-widget-divider\" data-id=\"17046c4\" data-element_type=\"widget\" data-widget_type=\"divider.default\">\n\t\t\t\t<div class=\"elementor-widget-container\">\n\t\t\t\t\t\t\t<div class=\"elementor-divider\">\n\t\t\t<span class=\"elementor-divider-separator\">\n\t\t\t\t\t\t<\/span>\n\t\t<\/div>\n\t\t\t\t\t\t<\/div>\n\t\t\t\t<\/div>\n\t\t\t\t<section class=\"elementor-section elementor-inner-section elementor-element elementor-element-eec2fdf elementor-section-content-middle elementor-section-boxed elementor-section-height-default elementor-section-height-default\" data-id=\"eec2fdf\" data-element_type=\"section\">\n\t\t\t\t\t\t<div class=\"elementor-container elementor-column-gap-default\">\n\t\t\t\t\t<div class=\"elementor-column elementor-col-50 elementor-inner-column elementor-element elementor-element-14ca049\" data-id=\"14ca049\" data-element_type=\"column\" data-settings=\"{&quot;background_background&quot;:&quot;classic&quot;}\">\n\t\t\t<div class=\"elementor-widget-wrap elementor-element-populated\">\n\t\t\t\t\t\t<div class=\"elementor-element elementor-element-e74320b elementor-widget elementor-widget-image\" data-id=\"e74320b\" data-element_type=\"widget\" data-widget_type=\"image.default\">\n\t\t\t\t<div class=\"elementor-widget-container\">\n\t\t\t\t\t\t\t\t\t\t\t\t\t\t\t<img decoding=\"async\" src=\"https:\/\/martinkonvicka.cz\/wp-content\/uploads\/elementor\/thumbs\/portugal-2-r52mjxpy8x1gzp5j8nyl9adqio9ellirvkyiv5dzt4.jpg\" title=\"portugal 2\" alt=\"portugal 2\" loading=\"lazy\" \/>\t\t\t\t\t\t\t\t\t\t\t\t\t\t\t<\/div>\n\t\t\t\t<\/div>\n\t\t\t\t<div class=\"elementor-element elementor-element-f85b454 elementor-widget elementor-widget-image\" data-id=\"f85b454\" data-element_type=\"widget\" data-widget_type=\"image.default\">\n\t\t\t\t<div class=\"elementor-widget-container\">\n\t\t\t\t\t\t\t\t\t\t\t\t\t\t\t<img decoding=\"async\" src=\"https:\/\/martinkonvicka.cz\/wp-content\/uploads\/elementor\/thumbs\/fotbal-r52mk0jgtf4rhxp5g4i0fnu3wzfaysusahf5a0qu8w.jpg\" title=\"fotbal\" alt=\"fotbal\" loading=\"lazy\" \/>\t\t\t\t\t\t\t\t\t\t\t\t\t\t\t<\/div>\n\t\t\t\t<\/div>\n\t\t\t\t\t<\/div>\n\t\t<\/div>\n\t\t\t\t<div class=\"elementor-column elementor-col-50 elementor-inner-column elementor-element elementor-element-c0fc30c\" data-id=\"c0fc30c\" data-element_type=\"column\">\n\t\t\t<div class=\"elementor-widget-wrap elementor-element-populated\">\n\t\t\t\t\t\t<div class=\"elementor-element elementor-element-9be4c43 elementor-widget elementor-widget-text-editor\" data-id=\"9be4c43\" data-element_type=\"widget\" data-widget_type=\"text-editor.default\">\n\t\t\t\t<div class=\"elementor-widget-container\">\n\t\t\t\t\t\t\t\t\t<div dir=\"auto\">B\u011b\u017eel jsem po chodn\u00edku v Portugalsku. M\u011bl jsem v\u00fdbornou fyzickou kondici, proto\u017ee jsem se v\u011bnoval v\u00fdhradn\u011b vytrvalostn\u00edm sport\u016fm.<\/div><div dir=\"auto\">\u00a0<\/div><div dir=\"auto\">Z\u00e1da jsem op\u011bt nep\u0159\u00edjemn\u011b c\u00edtil. Jedin\u00e9, co mi pom\u00e1halo, bylo b\u011bh\u00e1n\u00ed, alespo\u0148 to jsem si myslel. M\u011bl jsem strach j\u00edt do posilovny, proto\u017ee to pak bylo je\u0161t\u011b hor\u0161\u00ed. <b><br \/><\/b><\/div><div dir=\"auto\"><b>\u00a0<\/b><\/div><div dir=\"auto\"><b>Celkov\u011b jsem byl hodn\u011b slab\u00fd, navzdory v\u00fdborn\u00e9 vytrvalosti jsem vypadal vyhuble. U\u017e jsem toho m\u011bl dost.<\/b><b> <\/b><b>Cht\u011bl jsem vypracovat svalstvo, zlep\u0161it svoji postavu a odstranit bolesti zad. Rozhodl jsem se s t\u00edm n\u011bco d\u011blat, navzdory obav\u00e1m, \u017ee mi posilovna ubl\u00ed\u017e\u00ed.<\/b><\/div><div dir=\"auto\">\u00a0<\/div><div dir=\"auto\" style=\"text-align: start;\">V tamn\u00ed posilovn\u011b vypadali v\u0161ichni vysportovan\u011b. To m\u011b zaujalo. \u0160el jsem tam s kamar\u00e1dem Honzou, kter\u00fd m\u011b z\u00e1rove\u0148 kontroloval, abych cvi\u010dil dob\u0159e. Po tr\u00e9ninku bolest zad p\u0159ekvapiv\u011b nep\u0159i\u0161la. Naopak jsem se fyzicky i psychicky c\u00edtil mnohem l\u00e9pe. V\u011bd\u011bl jsem, \u017ee to je ta cesta.<p>Rozhodl jsem se 4x t\u00fddn\u011b cvi\u010dit\u00a0 a 3x t\u00fddn\u011b b\u011bhat.<\/p><\/div>\t\t\t\t\t\t\t\t<\/div>\n\t\t\t\t<\/div>\n\t\t\t\t\t<\/div>\n\t\t<\/div>\n\t\t\t\t\t<\/div>\n\t\t<\/section>\n\t\t\t\t<div class=\"elementor-element elementor-element-743ae05 elementor-widget elementor-widget-text-editor\" data-id=\"743ae05\" data-element_type=\"widget\" data-widget_type=\"text-editor.default\">\n\t\t\t\t<div class=\"elementor-widget-container\">\n\t\t\t\t\t\t\t\t\t<div dir=\"auto\">Pozitivn\u00ed vliv na psychiku byl zjevn\u00fd okam\u017eit\u011b. Poh\u00e1n\u011bla m\u011b velk\u00e1 motivace ke zm\u011bn\u011b. \u010casem se objevili prvn\u00ed velk\u00e9 zm\u011bny na postav\u011b. Narostla mi aktivn\u00ed hmota a moje postava se za\u010dala podobat silov\u00fdm atlet\u016fm. Z\u00e1da m\u011b bolela mnohem m\u00e9n\u011b.<\/div><div dir=\"auto\">\u00a0<\/div><div dir=\"auto\">\u00a0<\/div><div dir=\"auto\"><b>Po cca dvou letech, kdy jsem odhadem p\u0159ibral 6 kilogram\u016f sval\u016f, jsem se nec\u00edtil dob\u0159e. St\u00e1le v\u00edce m\u011b bolely ramena, z\u00e1da nebyly o moc lep\u0161\u00ed ne\u017e po\u010d\u00e1te\u010dn\u00ed stav a m\u011bl jsem probl\u00e9my s hammstringy, co\u017e mi znemo\u017e\u0148ovalo hr\u00e1t m\u016fj obl\u00edben\u00fd fotbal.<\/b><\/div>\t\t\t\t\t\t\t\t<\/div>\n\t\t\t\t<\/div>\n\t\t\t\t\t<\/div>\n\t\t<\/div>\n\t\t\t\t\t<\/div>\n\t\t<\/section>\n\t\t\t\t<section class=\"elementor-section elementor-top-section elementor-element elementor-element-5ef4991 elementor-section-boxed elementor-section-height-default elementor-section-height-default\" data-id=\"5ef4991\" data-element_type=\"section\">\n\t\t\t\t\t\t<div class=\"elementor-container elementor-column-gap-default\">\n\t\t\t\t\t<div class=\"elementor-column elementor-col-50 elementor-top-column elementor-element elementor-element-fc2420a\" data-id=\"fc2420a\" data-element_type=\"column\">\n\t\t\t<div class=\"elementor-widget-wrap elementor-element-populated\">\n\t\t\t\t\t\t<div class=\"elementor-element elementor-element-14926cd elementor-widget elementor-widget-text-editor\" data-id=\"14926cd\" data-element_type=\"widget\" data-widget_type=\"text-editor.default\">\n\t\t\t\t<div class=\"elementor-widget-container\">\n\t\t\t\t\t\t\t\t\t<p>Na cca rok jsem p\u0159estal cvi\u010dit. Op\u011bt jsem se v\u011bnoval jen vytrvalosti. Za tu dobu rozhodn\u011b nedo\u0161lo ke zlep\u0161en\u00ed stavu. V\u011bd\u011bl jsem, \u017ee nem\u00e1m cvi\u010den\u00edm, co ztratit. <\/p><p>M\u016fj kamar\u00e1d Michal m\u011b p\u0159ivedl ke cvi\u010den\u00ed s vlastn\u00ed vahou a uk\u00e1zal mi spoustu nov\u00fdch cvi\u010debn\u00edch sm\u011br\u016f. V\u00edce jsem se zam\u011b\u0159il na techniku proveden\u00ed, flexibilitu a cvi\u010debn\u00ed komplexnost. <\/p><p>Po p\u00e1r m\u011bs\u00edc\u00edch cvi\u010den\u00ed jsem se c\u00edtil psychicky mnohem l\u00e9pe. Moje postava byla pevn\u011bj\u0161\u00ed a z\u00e1da se zlep\u0161ily o 100%. Od t\u00e9 doby jsem ji\u017e cvi\u010dit nep\u0159estal. Je to skoro sedm let.<\/p><p><b>Z osoby boj\u00edc\u00ed se j\u00edt do posilovny jsem se stal tren\u00e9rem, kter\u00fd pom\u00e1h\u00e1 ostatn\u00edm zlep\u0161it jejich zdrav\u00ed a \u017eivotn\u00ed styl.<\/b> <\/p><p>Jednostrann\u00e9 zam\u011b\u0159en\u00ed sv\u00e9ho pohybu jsem transformoval do komplexn\u00edho t\u011blesn\u00e9ho p\u0159\u00edstupu. Stal jsem se mnohem siln\u011bj\u0161\u00ed, zdrav\u011bj\u0161\u00ed, flexibiln\u011bj\u0161\u00ed a sebev\u011bdom\u011bj\u0161\u00ed.<\/p>\t\t\t\t\t\t\t\t<\/div>\n\t\t\t\t<\/div>\n\t\t\t\t\t<\/div>\n\t\t<\/div>\n\t\t\t\t<div class=\"elementor-column elementor-col-50 elementor-top-column elementor-element elementor-element-0ab2c95\" data-id=\"0ab2c95\" data-element_type=\"column\">\n\t\t\t<div class=\"elementor-widget-wrap elementor-element-populated\">\n\t\t\t\t\t\t<div class=\"elementor-element elementor-element-1f8643a elementor-widget elementor-widget-image\" data-id=\"1f8643a\" data-element_type=\"widget\" data-widget_type=\"image.default\">\n\t\t\t\t<div class=\"elementor-widget-container\">\n\t\t\t\t\t\t\t\t\t\t\t\t\t\t\t<img decoding=\"async\" src=\"https:\/\/martinkonvicka.cz\/wp-content\/uploads\/elementor\/thumbs\/DSC0978-scaled-r52msf7hy2nnsytsou0c9najkwfp387jdkzbu2t1mw.jpg\" title=\"_DSC0978\" alt=\"_DSC0978\" loading=\"lazy\" \/>\t\t\t\t\t\t\t\t\t\t\t\t\t\t\t<\/div>\n\t\t\t\t<\/div>\n\t\t\t\t<div class=\"elementor-element elementor-element-7e5e93d elementor-widget elementor-widget-image\" data-id=\"7e5e93d\" data-element_type=\"widget\" data-widget_type=\"image.default\">\n\t\t\t\t<div class=\"elementor-widget-container\">\n\t\t\t\t\t\t\t\t\t\t\t\t\t\t\t<img decoding=\"async\" src=\"https:\/\/martinkonvicka.cz\/wp-content\/uploads\/elementor\/thumbs\/DSC06195-scaled-r52mjzlmml41mx2sxorue9wnpg050zq8ju9htpb7go.jpg\" title=\"DSC06195\" alt=\"DSC06195\" loading=\"lazy\" \/>\t\t\t\t\t\t\t\t\t\t\t\t\t\t\t<\/div>\n\t\t\t\t<\/div>\n\t\t\t\t\t<\/div>\n\t\t<\/div>\n\t\t\t\t\t<\/div>\n\t\t<\/section>\n\t\t\t\t<section class=\"elementor-section elementor-top-section elementor-element elementor-element-11884db elementor-section-boxed elementor-section-height-default elementor-section-height-default\" data-id=\"11884db\" data-element_type=\"section\">\n\t\t\t\t\t\t<div class=\"elementor-container elementor-column-gap-default\">\n\t\t\t\t\t<div class=\"elementor-column elementor-col-100 elementor-top-column elementor-element elementor-element-38f42d3\" data-id=\"38f42d3\" data-element_type=\"column\">\n\t\t\t<div class=\"elementor-widget-wrap elementor-element-populated\">\n\t\t\t\t\t\t<div class=\"elementor-element elementor-element-ce09f24 elementor-widget elementor-widget-text-editor\" data-id=\"ce09f24\" data-element_type=\"widget\" data-widget_type=\"text-editor.default\">\n\t\t\t\t<div class=\"elementor-widget-container\">\n\t\t\t\t\t\t\t\t\t<p><b>Pom\u016f\u017eu ti s odstran\u011bn\u00edm bolesti zad a vypracov\u00e1n\u00edm kr\u00e1sn\u00e9 postavy. Napi\u0161 mi a spole\u010dn\u011b vymysl\u00edme pl\u00e1n pro spln\u011bn\u00ed tv\u00e9ho c\u00edle.<\/b><\/p>\t\t\t\t\t\t\t\t<\/div>\n\t\t\t\t<\/div>\n\t\t\t\t<div class=\"elementor-element elementor-element-6f22eab elementor-align-center elementor-widget elementor-widget-button\" data-id=\"6f22eab\" data-element_type=\"widget\" data-widget_type=\"button.default\">\n\t\t\t\t<div class=\"elementor-widget-container\">\n\t\t\t\t\t\t\t\t\t<div class=\"elementor-button-wrapper\">\n\t\t\t\t\t<a class=\"elementor-button elementor-button-link elementor-size-xs\" href=\"mailto:trener@martinkonvicka.cz\">\n\t\t\t\t\t\t<span class=\"elementor-button-content-wrapper\">\n\t\t\t\t\t\t\t\t\t<span class=\"elementor-button-text\">CHCI NA SOB\u011a ZA\u010c\u00cdT MAKAT<\/span>\n\t\t\t\t\t<\/span>\n\t\t\t\t\t<\/a>\n\t\t\t\t<\/div>\n\t\t\t\t\t\t\t\t<\/div>\n\t\t\t\t<\/div>\n\t\t\t\t\t<\/div>\n\t\t<\/div>\n\t\t\t\t\t<\/div>\n\t\t<\/section>\n\t\t\t\t<\/div>","protected":false},"excerpt":{"rendered":"<p>M\u016fj p\u0159\u00edb\u011bh B\u011b\u017eel jsem po chodn\u00edku v Portugalsku. M\u011bl jsem v\u00fdbornou fyzickou kondici, proto\u017ee jsem se v\u011bnoval v\u00fdhradn\u011b vytrvalostn\u00edm sport\u016fm.\u00a0Z\u00e1da jsem op\u011bt nep\u0159\u00edjemn\u011b c\u00edtil. Jedin\u00e9, co mi pom\u00e1halo, bylo b\u011bh\u00e1n\u00ed, alespo\u0148 to jsem si myslel. M\u011bl jsem strach j\u00edt do posilovny, proto\u017ee to pak bylo je\u0161t\u011b hor\u0161\u00ed. \u00a0Celkov\u011b jsem byl hodn\u011b slab\u00fd, navzdory v\u00fdborn\u00e9 vytrvalosti [&hellip;]<\/p>","protected":false},"author":6,"featured_media":0,"parent":0,"menu_order":0,"comment_status":"closed","ping_status":"closed","template":"","meta":{"site-sidebar-layout":"no-sidebar","site-content-layout":"page-builder","ast-site-content-layout":"","site-content-style":"default","site-sidebar-style":"default","ast-global-header-display":"","ast-banner-title-visibility":"","ast-main-header-display":"","ast-hfb-above-header-display":"","ast-hfb-below-header-display":"","ast-hfb-mobile-header-display":"","site-post-title":"disabled","ast-breadcrumbs-content":"","ast-featured-img":"disabled","footer-sml-layout":"","theme-transparent-header-meta":"default","adv-header-id-meta":"","stick-header-meta":"","header-above-stick-meta":"","header-main-stick-meta":"","header-below-stick-meta":"","astra-migrate-meta-layouts":"default","ast-page-background-enabled":"default","ast-page-background-meta":{"desktop":{"background-color":"var(--ast-global-color-4)","background-image":"","background-repeat":"repeat","background-position":"center center","background-size":"auto","background-attachment":"scroll","background-type":"","background-media":"","overlay-type":"","overlay-color":"","overlay-opacity":"","overlay-gradient":""},"tablet":{"background-color":"","background-image":"","background-repeat":"repeat","background-position":"center center","background-size":"auto","background-attachment":"scroll","background-type":"","background-media":"","overlay-type":"","overlay-color":"","overlay-opacity":"","overlay-gradient":""},"mobile":{"background-color":"","background-image":"","background-repeat":"repeat","background-position":"center center","background-size":"auto","background-attachment":"scroll","background-type":"","background-media":"","overlay-type":"","overlay-color":"","overlay-opacity":"","overlay-gradient":""}},"ast-content-background-meta":{"desktop":{"background-color":"var(--ast-global-color-5)","background-image":"","background-repeat":"repeat","background-position":"center center","background-size":"auto","background-attachment":"scroll","background-type":"","background-media":"","overlay-type":"","overlay-color":"","overlay-opacity":"","overlay-gradient":""},"tablet":{"background-color":"var(--ast-global-color-5)","background-image":"","background-repeat":"repeat","background-position":"center center","background-size":"auto","background-attachment":"scroll","background-type":"","background-media":"","overlay-type":"","overlay-color":"","overlay-opacity":"","overlay-gradient":""},"mobile":{"background-color":"var(--ast-global-color-5)","background-image":"","background-repeat":"repeat","background-position":"center center","background-size":"auto","background-attachment":"scroll","background-type":"","background-media":"","overlay-type":"","overlay-color":"","overlay-opacity":"","overlay-gradient":""}},"footnotes":""},"categories":[],"tags":[],"class_list":["post-4750","page","type-page","status-publish","hentry"],"yoast_head":"<!-- This site is optimized with the Yoast SEO plugin v26.6 - https:\/\/yoast.com\/wordpress\/plugins\/seo\/ -->\n<title>M\u016fj p\u0159\u00edb\u011bh - Martin Konvi\u010dka<\/title>\n<meta name=\"robots\" content=\"index, follow, max-snippet:-1, max-image-preview:large, max-video-preview:-1\" \/>\n<link rel=\"canonical\" href=\"https:\/\/martinkonvicka.cz\/en\/muj-pribeh\/\" \/>\n<meta property=\"og:locale\" content=\"en_US\" \/>\n<meta property=\"og:type\" content=\"article\" \/>\n<meta property=\"og:title\" content=\"M\u016fj p\u0159\u00edb\u011bh - Martin Konvi\u010dka\" \/>\n<meta property=\"og:description\" content=\"M\u016fj p\u0159\u00edb\u011bh B\u011b\u017eel jsem po chodn\u00edku v Portugalsku. M\u011bl jsem v\u00fdbornou fyzickou kondici, proto\u017ee jsem se v\u011bnoval v\u00fdhradn\u011b vytrvalostn\u00edm sport\u016fm.\u00a0Z\u00e1da jsem op\u011bt nep\u0159\u00edjemn\u011b c\u00edtil. Jedin\u00e9, co mi pom\u00e1halo, bylo b\u011bh\u00e1n\u00ed, alespo\u0148 to jsem si myslel. M\u011bl jsem strach j\u00edt do posilovny, proto\u017ee to pak bylo je\u0161t\u011b hor\u0161\u00ed. \u00a0Celkov\u011b jsem byl hodn\u011b slab\u00fd, navzdory v\u00fdborn\u00e9 vytrvalosti [&hellip;]\" \/>\n<meta property=\"og:url\" content=\"https:\/\/martinkonvicka.cz\/en\/muj-pribeh\/\" \/>\n<meta property=\"og:site_name\" content=\"Martin Konvi\u010dka\" \/>\n<meta property=\"article:modified_time\" content=\"2021-06-08T17:00:13+00:00\" \/>\n<meta property=\"og:image\" content=\"https:\/\/martinkonvicka.cz\/wp-content\/uploads\/elementor\/thumbs\/portugal-2-p8degh1pdvps9tgkuc6blfyaa1bv6cu2s7q9veupoo.jpg\" \/>\n<meta name=\"twitter:card\" content=\"summary_large_image\" \/>\n<meta name=\"twitter:label1\" content=\"Est. reading time\" \/>\n\t<meta name=\"twitter:data1\" content=\"3 minutes\" \/>\n<script type=\"application\/ld+json\" class=\"yoast-schema-graph\">{\"@context\":\"https:\/\/schema.org\",\"@graph\":[{\"@type\":\"WebPage\",\"@id\":\"https:\/\/martinkonvicka.cz\/muj-pribeh\/\",\"url\":\"https:\/\/martinkonvicka.cz\/muj-pribeh\/\",\"name\":\"M\u016fj p\u0159\u00edb\u011bh - Martin Konvi\u010dka\",\"isPartOf\":{\"@id\":\"https:\/\/martinkonvicka.cz\/#website\"},\"primaryImageOfPage\":{\"@id\":\"https:\/\/martinkonvicka.cz\/muj-pribeh\/#primaryimage\"},\"image\":{\"@id\":\"https:\/\/martinkonvicka.cz\/muj-pribeh\/#primaryimage\"},\"thumbnailUrl\":\"https:\/\/martinkonvicka.cz\/wp-content\/uploads\/elementor\/thumbs\/portugal-2-p8degh1pdvps9tgkuc6blfyaa1bv6cu2s7q9veupoo.jpg\",\"datePublished\":\"2021-05-22T17:57:29+00:00\",\"dateModified\":\"2021-06-08T17:00:13+00:00\",\"breadcrumb\":{\"@id\":\"https:\/\/martinkonvicka.cz\/muj-pribeh\/#breadcrumb\"},\"inLanguage\":\"en-US\",\"potentialAction\":[{\"@type\":\"ReadAction\",\"target\":[\"https:\/\/martinkonvicka.cz\/muj-pribeh\/\"]}]},{\"@type\":\"ImageObject\",\"inLanguage\":\"en-US\",\"@id\":\"https:\/\/martinkonvicka.cz\/muj-pribeh\/#primaryimage\",\"url\":\"https:\/\/martinkonvicka.cz\/wp-content\/uploads\/elementor\/thumbs\/portugal-2-p8degh1pdvps9tgkuc6blfyaa1bv6cu2s7q9veupoo.jpg\",\"contentUrl\":\"https:\/\/martinkonvicka.cz\/wp-content\/uploads\/elementor\/thumbs\/portugal-2-p8degh1pdvps9tgkuc6blfyaa1bv6cu2s7q9veupoo.jpg\"},{\"@type\":\"BreadcrumbList\",\"@id\":\"https:\/\/martinkonvicka.cz\/muj-pribeh\/#breadcrumb\",\"itemListElement\":[{\"@type\":\"ListItem\",\"position\":1,\"name\":\"Home\",\"item\":\"https:\/\/martinkonvicka.cz\/\"},{\"@type\":\"ListItem\",\"position\":2,\"name\":\"M\u016fj p\u0159\u00edb\u011bh\"}]},{\"@type\":\"WebSite\",\"@id\":\"https:\/\/martinkonvicka.cz\/#website\",\"url\":\"https:\/\/martinkonvicka.cz\/\",\"name\":\"Martin Konvi\u010dka\",\"description\":\"tren\u00e9r, fitness coach Olomouc, cvi\u010den\u00ed, bolav\u00e1 z\u00e1da, hubnut\u00ed\",\"publisher\":{\"@id\":\"https:\/\/martinkonvicka.cz\/#organization\"},\"potentialAction\":[{\"@type\":\"SearchAction\",\"target\":{\"@type\":\"EntryPoint\",\"urlTemplate\":\"https:\/\/martinkonvicka.cz\/?s={search_term_string}\"},\"query-input\":{\"@type\":\"PropertyValueSpecification\",\"valueRequired\":true,\"valueName\":\"search_term_string\"}}],\"inLanguage\":\"en-US\"},{\"@type\":\"Organization\",\"@id\":\"https:\/\/martinkonvicka.cz\/#organization\",\"name\":\"Martin Konvi\u010dka\",\"alternateName\":\"tren\u00e9r, fitness coach Olomouc\",\"url\":\"https:\/\/martinkonvicka.cz\/\",\"logo\":{\"@type\":\"ImageObject\",\"inLanguage\":\"en-US\",\"@id\":\"https:\/\/martinkonvicka.cz\/#\/schema\/logo\/image\/\",\"url\":\"https:\/\/martinkonvicka.cz\/wp-content\/uploads\/2025\/04\/logo-Martin-Konvicka.png\",\"contentUrl\":\"https:\/\/martinkonvicka.cz\/wp-content\/uploads\/2025\/04\/logo-Martin-Konvicka.png\",\"width\":300,\"height\":162,\"caption\":\"Martin Konvi\u010dka\"},\"image\":{\"@id\":\"https:\/\/martinkonvicka.cz\/#\/schema\/logo\/image\/\"}}]}<\/script>\n<!-- \/ Yoast SEO plugin. -->","yoast_head_json":{"title":"M\u016fj p\u0159\u00edb\u011bh - Martin Konvi\u010dka","robots":{"index":"index","follow":"follow","max-snippet":"max-snippet:-1","max-image-preview":"max-image-preview:large","max-video-preview":"max-video-preview:-1"},"canonical":"https:\/\/martinkonvicka.cz\/en\/muj-pribeh\/","og_locale":"en_US","og_type":"article","og_title":"M\u016fj p\u0159\u00edb\u011bh - Martin Konvi\u010dka","og_description":"M\u016fj p\u0159\u00edb\u011bh B\u011b\u017eel jsem po chodn\u00edku v Portugalsku. M\u011bl jsem v\u00fdbornou fyzickou kondici, proto\u017ee jsem se v\u011bnoval v\u00fdhradn\u011b vytrvalostn\u00edm sport\u016fm.\u00a0Z\u00e1da jsem op\u011bt nep\u0159\u00edjemn\u011b c\u00edtil. Jedin\u00e9, co mi pom\u00e1halo, bylo b\u011bh\u00e1n\u00ed, alespo\u0148 to jsem si myslel. M\u011bl jsem strach j\u00edt do posilovny, proto\u017ee to pak bylo je\u0161t\u011b hor\u0161\u00ed. \u00a0Celkov\u011b jsem byl hodn\u011b slab\u00fd, navzdory v\u00fdborn\u00e9 vytrvalosti [&hellip;]","og_url":"https:\/\/martinkonvicka.cz\/en\/muj-pribeh\/","og_site_name":"Martin Konvi\u010dka","article_modified_time":"2021-06-08T17:00:13+00:00","og_image":[{"url":"https:\/\/martinkonvicka.cz\/wp-content\/uploads\/elementor\/thumbs\/portugal-2-p8degh1pdvps9tgkuc6blfyaa1bv6cu2s7q9veupoo.jpg","type":"","width":"","height":""}],"twitter_card":"summary_large_image","twitter_misc":{"Est. reading time":"3 minutes"},"schema":{"@context":"https:\/\/schema.org","@graph":[{"@type":"WebPage","@id":"https:\/\/martinkonvicka.cz\/muj-pribeh\/","url":"https:\/\/martinkonvicka.cz\/muj-pribeh\/","name":"M\u016fj p\u0159\u00edb\u011bh - Martin Konvi\u010dka","isPartOf":{"@id":"https:\/\/martinkonvicka.cz\/#website"},"primaryImageOfPage":{"@id":"https:\/\/martinkonvicka.cz\/muj-pribeh\/#primaryimage"},"image":{"@id":"https:\/\/martinkonvicka.cz\/muj-pribeh\/#primaryimage"},"thumbnailUrl":"https:\/\/martinkonvicka.cz\/wp-content\/uploads\/elementor\/thumbs\/portugal-2-p8degh1pdvps9tgkuc6blfyaa1bv6cu2s7q9veupoo.jpg","datePublished":"2021-05-22T17:57:29+00:00","dateModified":"2021-06-08T17:00:13+00:00","breadcrumb":{"@id":"https:\/\/martinkonvicka.cz\/muj-pribeh\/#breadcrumb"},"inLanguage":"en-US","potentialAction":[{"@type":"ReadAction","target":["https:\/\/martinkonvicka.cz\/muj-pribeh\/"]}]},{"@type":"ImageObject","inLanguage":"en-US","@id":"https:\/\/martinkonvicka.cz\/muj-pribeh\/#primaryimage","url":"https:\/\/martinkonvicka.cz\/wp-content\/uploads\/elementor\/thumbs\/portugal-2-p8degh1pdvps9tgkuc6blfyaa1bv6cu2s7q9veupoo.jpg","contentUrl":"https:\/\/martinkonvicka.cz\/wp-content\/uploads\/elementor\/thumbs\/portugal-2-p8degh1pdvps9tgkuc6blfyaa1bv6cu2s7q9veupoo.jpg"},{"@type":"BreadcrumbList","@id":"https:\/\/martinkonvicka.cz\/muj-pribeh\/#breadcrumb","itemListElement":[{"@type":"ListItem","position":1,"name":"Home","item":"https:\/\/martinkonvicka.cz\/"},{"@type":"ListItem","position":2,"name":"M\u016fj p\u0159\u00edb\u011bh"}]},{"@type":"WebSite","@id":"https:\/\/martinkonvicka.cz\/#website","url":"https:\/\/martinkonvicka.cz\/","name":"Martin Konvi\u010dka","description":"tren\u00e9r, fitness coach Olomouc, cvi\u010den\u00ed, bolav\u00e1 z\u00e1da, hubnut\u00ed","publisher":{"@id":"https:\/\/martinkonvicka.cz\/#organization"},"potentialAction":[{"@type":"SearchAction","target":{"@type":"EntryPoint","urlTemplate":"https:\/\/martinkonvicka.cz\/?s={search_term_string}"},"query-input":{"@type":"PropertyValueSpecification","valueRequired":true,"valueName":"search_term_string"}}],"inLanguage":"en-US"},{"@type":"Organization","@id":"https:\/\/martinkonvicka.cz\/#organization","name":"Martin Konvi\u010dka","alternateName":"tren\u00e9r, fitness coach Olomouc","url":"https:\/\/martinkonvicka.cz\/","logo":{"@type":"ImageObject","inLanguage":"en-US","@id":"https:\/\/martinkonvicka.cz\/#\/schema\/logo\/image\/","url":"https:\/\/martinkonvicka.cz\/wp-content\/uploads\/2025\/04\/logo-Martin-Konvicka.png","contentUrl":"https:\/\/martinkonvicka.cz\/wp-content\/uploads\/2025\/04\/logo-Martin-Konvicka.png","width":300,"height":162,"caption":"Martin Konvi\u010dka"},"image":{"@id":"https:\/\/martinkonvicka.cz\/#\/schema\/logo\/image\/"}}]}},"_links":{"self":[{"href":"https:\/\/martinkonvicka.cz\/en\/wp-json\/wp\/v2\/pages\/4750","targetHints":{"allow":["GET"]}}],"collection":[{"href":"https:\/\/martinkonvicka.cz\/en\/wp-json\/wp\/v2\/pages"}],"about":[{"href":"https:\/\/martinkonvicka.cz\/en\/wp-json\/wp\/v2\/types\/page"}],"author":[{"embeddable":true,"href":"https:\/\/martinkonvicka.cz\/en\/wp-json\/wp\/v2\/users\/6"}],"replies":[{"embeddable":true,"href":"https:\/\/martinkonvicka.cz\/en\/wp-json\/wp\/v2\/comments?post=4750"}],"version-history":[{"count":40,"href":"https:\/\/martinkonvicka.cz\/en\/wp-json\/wp\/v2\/pages\/4750\/revisions"}],"predecessor-version":[{"id":5080,"href":"https:\/\/martinkonvicka.cz\/en\/wp-json\/wp\/v2\/pages\/4750\/revisions\/5080"}],"wp:attachment":[{"href":"https:\/\/martinkonvicka.cz\/en\/wp-json\/wp\/v2\/media?parent=4750"}],"wp:term":[{"taxonomy":"category","embeddable":true,"href":"https:\/\/martinkonvicka.cz\/en\/wp-json\/wp\/v2\/categories?post=4750"},{"taxonomy":"post_tag","embeddable":true,"href":"https:\/\/martinkonvicka.cz\/en\/wp-json\/wp\/v2\/tags?post=4750"}],"curies":[{"name":"wp","href":"https:\/\/api.w.org\/{rel}","templated":true}]}}