{"id":4945,"date":"2021-05-30T19:58:12","date_gmt":"2021-05-30T17:58:12","guid":{"rendered":"https:\/\/martinkonvicka.cz\/?page_id=4945"},"modified":"2021-10-30T08:47:19","modified_gmt":"2021-10-30T06:47:19","slug":"dekovaci-stranka","status":"publish","type":"page","link":"https:\/\/martinkonvicka.cz\/en\/dekovaci-stranka\/","title":{"rendered":"D\u011bkovac\u00ed str\u00e1nka"},"content":{"rendered":"<div data-elementor-type=\"wp-page\" data-elementor-id=\"4945\" class=\"elementor elementor-4945\">\n\t\t\t\t\t\t<section class=\"elementor-section elementor-top-section elementor-element elementor-element-59beea5 elementor-section-boxed elementor-section-height-default elementor-section-height-default\" data-id=\"59beea5\" data-element_type=\"section\">\n\t\t\t\t\t\t<div class=\"elementor-container elementor-column-gap-default\">\n\t\t\t\t\t<div class=\"elementor-column elementor-col-100 elementor-top-column elementor-element elementor-element-352397b\" data-id=\"352397b\" data-element_type=\"column\">\n\t\t\t<div class=\"elementor-widget-wrap\">\n\t\t\t\t\t\t\t<\/div>\n\t\t<\/div>\n\t\t\t\t\t<\/div>\n\t\t<\/section>\n\t\t\t\t<section class=\"elementor-section elementor-top-section elementor-element elementor-element-ded3a62 elementor-section-boxed elementor-section-height-default elementor-section-height-default\" data-id=\"ded3a62\" data-element_type=\"section\">\n\t\t\t\t\t\t<div class=\"elementor-container elementor-column-gap-default\">\n\t\t\t\t\t<div class=\"elementor-column elementor-col-100 elementor-top-column elementor-element elementor-element-49b6c62\" data-id=\"49b6c62\" data-element_type=\"column\">\n\t\t\t<div class=\"elementor-widget-wrap elementor-element-populated\">\n\t\t\t\t\t\t<div class=\"elementor-element elementor-element-e0eb292 elementor-widget elementor-widget-heading\" data-id=\"e0eb292\" data-element_type=\"widget\" data-widget_type=\"heading.default\">\n\t\t\t\t<div class=\"elementor-widget-container\">\n\t\t\t\t\t<h2 class=\"elementor-heading-title elementor-size-default\">D\u011bkujeme za odesl\u00e1n\u00ed p\u0159ihl\u00e1\u0161ky<\/h2>\t\t\t\t<\/div>\n\t\t\t\t<\/div>\n\t\t\t\t\t<\/div>\n\t\t<\/div>\n\t\t\t\t\t<\/div>\n\t\t<\/section>\n\t\t\t\t<section class=\"elementor-section elementor-top-section elementor-element elementor-element-e830fca elementor-section-boxed elementor-section-height-default elementor-section-height-default\" data-id=\"e830fca\" data-element_type=\"section\">\n\t\t\t\t\t\t<div class=\"elementor-container elementor-column-gap-default\">\n\t\t\t\t\t<div class=\"elementor-column elementor-col-100 elementor-top-column elementor-element elementor-element-0c84073\" data-id=\"0c84073\" data-element_type=\"column\">\n\t\t\t<div class=\"elementor-widget-wrap\">\n\t\t\t\t\t\t\t<\/div>\n\t\t<\/div>\n\t\t\t\t\t<\/div>\n\t\t<\/section>\n\t\t\t\t<section class=\"elementor-section elementor-top-section elementor-element elementor-element-bdbe839 elementor-section-boxed elementor-section-height-default elementor-section-height-default\" data-id=\"bdbe839\" data-element_type=\"section\">\n\t\t\t\t\t\t<div class=\"elementor-container elementor-column-gap-default\">\n\t\t\t\t\t<div class=\"elementor-column elementor-col-100 elementor-top-column elementor-element elementor-element-d569252\" data-id=\"d569252\" data-element_type=\"column\">\n\t\t\t<div class=\"elementor-widget-wrap elementor-element-populated\">\n\t\t\t\t\t\t<div class=\"elementor-element elementor-element-6255907 elementor-widget elementor-widget-text-editor\" data-id=\"6255907\" data-element_type=\"widget\" data-widget_type=\"text-editor.default\">\n\t\t\t\t<div class=\"elementor-widget-container\">\n\t\t\t\t\t\t\t\t\t<p style=\"text-align: left;\"><strong>Jsme r\u00e1di, \u017ee nechcete chyb\u011bt na Workout v\u00edkendu v Ostru\u017en\u00e9.<\/strong><\/p><p style=\"text-align: left;\">Abyste m\u011bli 100% jistotu, \u017ee budete na seznamu \u00fa\u010dastn\u00edk\u016f, pros\u00edme o zaplacen\u00ed z\u00e1lohy 1500 K\u010d.<\/p><p style=\"text-align: left;\">Potvrzen\u00ed o zaplacen\u00ed z\u00e1lohy V\u00e1m p\u0159ijde na V\u00e1\u0161 email.<\/p>\t\t\t\t\t\t\t\t<\/div>\n\t\t\t\t<\/div>\n\t\t\t\t\t<\/div>\n\t\t<\/div>\n\t\t\t\t\t<\/div>\n\t\t<\/section>\n\t\t\t\t<section class=\"elementor-section elementor-top-section elementor-element elementor-element-0860c78 elementor-section-content-middle elementor-section-boxed elementor-section-height-default elementor-section-height-default\" data-id=\"0860c78\" data-element_type=\"section\">\n\t\t\t\t\t\t<div class=\"elementor-container elementor-column-gap-default\">\n\t\t\t\t\t<div class=\"elementor-column elementor-col-100 elementor-top-column elementor-element elementor-element-e4698bf\" data-id=\"e4698bf\" data-element_type=\"column\">\n\t\t\t<div class=\"elementor-widget-wrap elementor-element-populated\">\n\t\t\t\t\t\t<div class=\"elementor-element elementor-element-80b774d elementor-widget elementor-widget-text-editor\" data-id=\"80b774d\" data-element_type=\"widget\" data-widget_type=\"text-editor.default\">\n\t\t\t\t<div class=\"elementor-widget-container\">\n\t\t\t\t\t\t\t\t\t<p><strong>BANKOVN\u00cd \u00da\u010cET 217569505\/0300.<\/strong><\/p><p>DO POZN\u00c1MKY NAPI\u0160TE: <strong>WO V\u00cdKEND + VA\u0160E JM\u00c9NO A P\u0158\u00cdJMEN\u00cd.<\/strong><\/p><p>\u00a0<\/p>\t\t\t\t\t\t\t\t<\/div>\n\t\t\t\t<\/div>\n\t\t\t\t\t<\/div>\n\t\t<\/div>\n\t\t\t\t\t<\/div>\n\t\t<\/section>\n\t\t\t\t<\/div>","protected":false},"excerpt":{"rendered":"<p>D\u011bkujeme za odesl\u00e1n\u00ed p\u0159ihl\u00e1\u0161ky Jsme r\u00e1di, \u017ee nechcete chyb\u011bt na Workout v\u00edkendu v Ostru\u017en\u00e9. Abyste m\u011bli 100% jistotu, \u017ee budete na seznamu \u00fa\u010dastn\u00edk\u016f, pros\u00edme o zaplacen\u00ed z\u00e1lohy 1500 K\u010d. Potvrzen\u00ed o zaplacen\u00ed z\u00e1lohy V\u00e1m p\u0159ijde na V\u00e1\u0161 email. BANKOVN\u00cd \u00da\u010cET 217569505\/0300. DO POZN\u00c1MKY NAPI\u0160TE: WO V\u00cdKEND + VA\u0160E JM\u00c9NO A P\u0158\u00cdJMEN\u00cd. \u00a0<\/p>","protected":false},"author":6,"featured_media":0,"parent":0,"menu_order":0,"comment_status":"closed","ping_status":"closed","template":"elementor_canvas","meta":{"site-sidebar-layout":"no-sidebar","site-content-layout":"page-builder","ast-site-content-layout":"","site-content-style":"default","site-sidebar-style":"default","ast-global-header-display":"","ast-banner-title-visibility":"","ast-main-header-display":"","ast-hfb-above-header-display":"","ast-hfb-below-header-display":"","ast-hfb-mobile-header-display":"","site-post-title":"disabled","ast-breadcrumbs-content":"","ast-featured-img":"disabled","footer-sml-layout":"","theme-transparent-header-meta":"default","adv-header-id-meta":"","stick-header-meta":"","header-above-stick-meta":"","header-main-stick-meta":"","header-below-stick-meta":"","astra-migrate-meta-layouts":"default","ast-page-background-enabled":"default","ast-page-background-meta":{"desktop":{"background-color":"var(--ast-global-color-4)","background-image":"","background-repeat":"repeat","background-position":"center center","background-size":"auto","background-attachment":"scroll","background-type":"","background-media":"","overlay-type":"","overlay-color":"","overlay-opacity":"","overlay-gradient":""},"tablet":{"background-color":"","background-image":"","background-repeat":"repeat","background-position":"center center","background-size":"auto","background-attachment":"scroll","background-type":"","background-media":"","overlay-type":"","overlay-color":"","overlay-opacity":"","overlay-gradient":""},"mobile":{"background-color":"","background-image":"","background-repeat":"repeat","background-position":"center center","background-size":"auto","background-attachment":"scroll","background-type":"","background-media":"","overlay-type":"","overlay-color":"","overlay-opacity":"","overlay-gradient":""}},"ast-content-background-meta":{"desktop":{"background-color":"var(--ast-global-color-5)","background-image":"","background-repeat":"repeat","background-position":"center center","background-size":"auto","background-attachment":"scroll","background-type":"","background-media":"","overlay-type":"","overlay-color":"","overlay-opacity":"","overlay-gradient":""},"tablet":{"background-color":"var(--ast-global-color-5)","background-image":"","background-repeat":"repeat","background-position":"center center","background-size":"auto","background-attachment":"scroll","background-type":"","background-media":"","overlay-type":"","overlay-color":"","overlay-opacity":"","overlay-gradient":""},"mobile":{"background-color":"var(--ast-global-color-5)","background-image":"","background-repeat":"repeat","background-position":"center center","background-size":"auto","background-attachment":"scroll","background-type":"","background-media":"","overlay-type":"","overlay-color":"","overlay-opacity":"","overlay-gradient":""}},"footnotes":""},"categories":[],"tags":[],"class_list":["post-4945","page","type-page","status-publish","hentry"],"yoast_head":"<!-- This site is optimized with the Yoast SEO plugin v26.6 - https:\/\/yoast.com\/wordpress\/plugins\/seo\/ -->\n<title>D\u011bkovac\u00ed str\u00e1nka - Martin Konvi\u010dka<\/title>\n<meta name=\"robots\" content=\"index, follow, max-snippet:-1, max-image-preview:large, max-video-preview:-1\" \/>\n<link rel=\"canonical\" href=\"https:\/\/martinkonvicka.cz\/en\/dekovaci-stranka\/\" \/>\n<meta property=\"og:locale\" content=\"en_US\" \/>\n<meta property=\"og:type\" content=\"article\" \/>\n<meta property=\"og:title\" content=\"D\u011bkovac\u00ed str\u00e1nka - Martin Konvi\u010dka\" \/>\n<meta property=\"og:description\" content=\"D\u011bkujeme za odesl\u00e1n\u00ed p\u0159ihl\u00e1\u0161ky Jsme r\u00e1di, \u017ee nechcete chyb\u011bt na Workout v\u00edkendu v Ostru\u017en\u00e9. Abyste m\u011bli 100% jistotu, \u017ee budete na seznamu \u00fa\u010dastn\u00edk\u016f, pros\u00edme o zaplacen\u00ed z\u00e1lohy 1500 K\u010d. Potvrzen\u00ed o zaplacen\u00ed z\u00e1lohy V\u00e1m p\u0159ijde na V\u00e1\u0161 email. BANKOVN\u00cd \u00da\u010cET 217569505\/0300. DO POZN\u00c1MKY NAPI\u0160TE: WO V\u00cdKEND + VA\u0160E JM\u00c9NO A P\u0158\u00cdJMEN\u00cd. \u00a0\" \/>\n<meta property=\"og:url\" content=\"https:\/\/martinkonvicka.cz\/en\/dekovaci-stranka\/\" \/>\n<meta property=\"og:site_name\" content=\"Martin Konvi\u010dka\" \/>\n<meta property=\"article:modified_time\" content=\"2021-10-30T06:47:19+00:00\" \/>\n<meta name=\"twitter:card\" content=\"summary_large_image\" \/>\n<script type=\"application\/ld+json\" class=\"yoast-schema-graph\">{\"@context\":\"https:\/\/schema.org\",\"@graph\":[{\"@type\":\"WebPage\",\"@id\":\"https:\/\/martinkonvicka.cz\/dekovaci-stranka\/\",\"url\":\"https:\/\/martinkonvicka.cz\/dekovaci-stranka\/\",\"name\":\"D\u011bkovac\u00ed str\u00e1nka - Martin Konvi\u010dka\",\"isPartOf\":{\"@id\":\"https:\/\/martinkonvicka.cz\/#website\"},\"datePublished\":\"2021-05-30T17:58:12+00:00\",\"dateModified\":\"2021-10-30T06:47:19+00:00\",\"breadcrumb\":{\"@id\":\"https:\/\/martinkonvicka.cz\/dekovaci-stranka\/#breadcrumb\"},\"inLanguage\":\"en-US\",\"potentialAction\":[{\"@type\":\"ReadAction\",\"target\":[\"https:\/\/martinkonvicka.cz\/dekovaci-stranka\/\"]}]},{\"@type\":\"BreadcrumbList\",\"@id\":\"https:\/\/martinkonvicka.cz\/dekovaci-stranka\/#breadcrumb\",\"itemListElement\":[{\"@type\":\"ListItem\",\"position\":1,\"name\":\"Home\",\"item\":\"https:\/\/martinkonvicka.cz\/\"},{\"@type\":\"ListItem\",\"position\":2,\"name\":\"D\u011bkovac\u00ed str\u00e1nka\"}]},{\"@type\":\"WebSite\",\"@id\":\"https:\/\/martinkonvicka.cz\/#website\",\"url\":\"https:\/\/martinkonvicka.cz\/\",\"name\":\"Martin Konvi\u010dka\",\"description\":\"tren\u00e9r, fitness coach Olomouc, cvi\u010den\u00ed, bolav\u00e1 z\u00e1da, hubnut\u00ed\",\"publisher\":{\"@id\":\"https:\/\/martinkonvicka.cz\/#organization\"},\"potentialAction\":[{\"@type\":\"SearchAction\",\"target\":{\"@type\":\"EntryPoint\",\"urlTemplate\":\"https:\/\/martinkonvicka.cz\/?s={search_term_string}\"},\"query-input\":{\"@type\":\"PropertyValueSpecification\",\"valueRequired\":true,\"valueName\":\"search_term_string\"}}],\"inLanguage\":\"en-US\"},{\"@type\":\"Organization\",\"@id\":\"https:\/\/martinkonvicka.cz\/#organization\",\"name\":\"Martin Konvi\u010dka\",\"alternateName\":\"tren\u00e9r, fitness coach Olomouc\",\"url\":\"https:\/\/martinkonvicka.cz\/\",\"logo\":{\"@type\":\"ImageObject\",\"inLanguage\":\"en-US\",\"@id\":\"https:\/\/martinkonvicka.cz\/#\/schema\/logo\/image\/\",\"url\":\"https:\/\/martinkonvicka.cz\/wp-content\/uploads\/2025\/04\/logo-Martin-Konvicka.png\",\"contentUrl\":\"https:\/\/martinkonvicka.cz\/wp-content\/uploads\/2025\/04\/logo-Martin-Konvicka.png\",\"width\":300,\"height\":162,\"caption\":\"Martin Konvi\u010dka\"},\"image\":{\"@id\":\"https:\/\/martinkonvicka.cz\/#\/schema\/logo\/image\/\"}}]}<\/script>\n<!-- \/ Yoast SEO plugin. -->","yoast_head_json":{"title":"D\u011bkovac\u00ed str\u00e1nka - Martin Konvi\u010dka","robots":{"index":"index","follow":"follow","max-snippet":"max-snippet:-1","max-image-preview":"max-image-preview:large","max-video-preview":"max-video-preview:-1"},"canonical":"https:\/\/martinkonvicka.cz\/en\/dekovaci-stranka\/","og_locale":"en_US","og_type":"article","og_title":"D\u011bkovac\u00ed str\u00e1nka - Martin Konvi\u010dka","og_description":"D\u011bkujeme za odesl\u00e1n\u00ed p\u0159ihl\u00e1\u0161ky Jsme r\u00e1di, \u017ee nechcete chyb\u011bt na Workout v\u00edkendu v Ostru\u017en\u00e9. Abyste m\u011bli 100% jistotu, \u017ee budete na seznamu \u00fa\u010dastn\u00edk\u016f, pros\u00edme o zaplacen\u00ed z\u00e1lohy 1500 K\u010d. Potvrzen\u00ed o zaplacen\u00ed z\u00e1lohy V\u00e1m p\u0159ijde na V\u00e1\u0161 email. BANKOVN\u00cd \u00da\u010cET 217569505\/0300. DO POZN\u00c1MKY NAPI\u0160TE: WO V\u00cdKEND + VA\u0160E JM\u00c9NO A P\u0158\u00cdJMEN\u00cd. \u00a0","og_url":"https:\/\/martinkonvicka.cz\/en\/dekovaci-stranka\/","og_site_name":"Martin Konvi\u010dka","article_modified_time":"2021-10-30T06:47:19+00:00","twitter_card":"summary_large_image","schema":{"@context":"https:\/\/schema.org","@graph":[{"@type":"WebPage","@id":"https:\/\/martinkonvicka.cz\/dekovaci-stranka\/","url":"https:\/\/martinkonvicka.cz\/dekovaci-stranka\/","name":"D\u011bkovac\u00ed str\u00e1nka - Martin Konvi\u010dka","isPartOf":{"@id":"https:\/\/martinkonvicka.cz\/#website"},"datePublished":"2021-05-30T17:58:12+00:00","dateModified":"2021-10-30T06:47:19+00:00","breadcrumb":{"@id":"https:\/\/martinkonvicka.cz\/dekovaci-stranka\/#breadcrumb"},"inLanguage":"en-US","potentialAction":[{"@type":"ReadAction","target":["https:\/\/martinkonvicka.cz\/dekovaci-stranka\/"]}]},{"@type":"BreadcrumbList","@id":"https:\/\/martinkonvicka.cz\/dekovaci-stranka\/#breadcrumb","itemListElement":[{"@type":"ListItem","position":1,"name":"Home","item":"https:\/\/martinkonvicka.cz\/"},{"@type":"ListItem","position":2,"name":"D\u011bkovac\u00ed str\u00e1nka"}]},{"@type":"WebSite","@id":"https:\/\/martinkonvicka.cz\/#website","url":"https:\/\/martinkonvicka.cz\/","name":"Martin Konvi\u010dka","description":"tren\u00e9r, fitness coach Olomouc, cvi\u010den\u00ed, bolav\u00e1 z\u00e1da, hubnut\u00ed","publisher":{"@id":"https:\/\/martinkonvicka.cz\/#organization"},"potentialAction":[{"@type":"SearchAction","target":{"@type":"EntryPoint","urlTemplate":"https:\/\/martinkonvicka.cz\/?s={search_term_string}"},"query-input":{"@type":"PropertyValueSpecification","valueRequired":true,"valueName":"search_term_string"}}],"inLanguage":"en-US"},{"@type":"Organization","@id":"https:\/\/martinkonvicka.cz\/#organization","name":"Martin Konvi\u010dka","alternateName":"tren\u00e9r, fitness coach Olomouc","url":"https:\/\/martinkonvicka.cz\/","logo":{"@type":"ImageObject","inLanguage":"en-US","@id":"https:\/\/martinkonvicka.cz\/#\/schema\/logo\/image\/","url":"https:\/\/martinkonvicka.cz\/wp-content\/uploads\/2025\/04\/logo-Martin-Konvicka.png","contentUrl":"https:\/\/martinkonvicka.cz\/wp-content\/uploads\/2025\/04\/logo-Martin-Konvicka.png","width":300,"height":162,"caption":"Martin Konvi\u010dka"},"image":{"@id":"https:\/\/martinkonvicka.cz\/#\/schema\/logo\/image\/"}}]}},"_links":{"self":[{"href":"https:\/\/martinkonvicka.cz\/en\/wp-json\/wp\/v2\/pages\/4945","targetHints":{"allow":["GET"]}}],"collection":[{"href":"https:\/\/martinkonvicka.cz\/en\/wp-json\/wp\/v2\/pages"}],"about":[{"href":"https:\/\/martinkonvicka.cz\/en\/wp-json\/wp\/v2\/types\/page"}],"author":[{"embeddable":true,"href":"https:\/\/martinkonvicka.cz\/en\/wp-json\/wp\/v2\/users\/6"}],"replies":[{"embeddable":true,"href":"https:\/\/martinkonvicka.cz\/en\/wp-json\/wp\/v2\/comments?post=4945"}],"version-history":[{"count":16,"href":"https:\/\/martinkonvicka.cz\/en\/wp-json\/wp\/v2\/pages\/4945\/revisions"}],"predecessor-version":[{"id":5248,"href":"https:\/\/martinkonvicka.cz\/en\/wp-json\/wp\/v2\/pages\/4945\/revisions\/5248"}],"wp:attachment":[{"href":"https:\/\/martinkonvicka.cz\/en\/wp-json\/wp\/v2\/media?parent=4945"}],"wp:term":[{"taxonomy":"category","embeddable":true,"href":"https:\/\/martinkonvicka.cz\/en\/wp-json\/wp\/v2\/categories?post=4945"},{"taxonomy":"post_tag","embeddable":true,"href":"https:\/\/martinkonvicka.cz\/en\/wp-json\/wp\/v2\/tags?post=4945"}],"curies":[{"name":"wp","href":"https:\/\/api.w.org\/{rel}","templated":true}]}}