{"id":5345,"date":"2022-01-13T15:52:48","date_gmt":"2022-01-13T14:52:48","guid":{"rendered":"https:\/\/martinkonvicka.cz\/?page_id=5345"},"modified":"2022-01-13T19:53:45","modified_gmt":"2022-01-13T18:53:45","slug":"registrace_purchase","status":"publish","type":"page","link":"https:\/\/martinkonvicka.cz\/en\/registrace_purchase\/","title":{"rendered":"Registrace"},"content":{"rendered":"<div class=\"um um-register um-5343\">\n\t<div class=\"um-form\" data-mode=\"register\">\n\t\t<form method=\"post\" action=\"\" data-trp-original-action=\"\">\n\t\t\t<div class=\"um-row _um_row_1\" style=\"margin: 0 0 30px 0;\"><div class=\"um-col-1\"><div  id=\"um_field_5343_user_login\" class=\"um-field um-field-text  um-field-user_login um-field-text um-field-type_text\" data-key=\"user_login\"><div class=\"um-field-label\"><label for=\"user_login-5343\">U\u017eivatelsk\u00e9 jm\u00e9no<span class=\"um-req\" title=\"Required\">*<\/span><\/label><div class=\"um-clear\"><\/div><\/div><div class=\"um-field-area\"><input  autocomplete=\"off\" class=\"um-form-field valid\" type=\"text\" name=\"user_login-5343\" id=\"user_login-5343\" value=\"\" placeholder=\"\" data-validate=\"unique_username\" data-key=\"user_login\"  aria-invalid=\"false\" \/>\n\n\t\t\t\t\t\t<\/div><\/div><div  id=\"um_field_5343_first_name\" class=\"um-field um-field-text  um-field-first_name um-field-text um-field-type_text\" data-key=\"first_name\"><div class=\"um-field-label\"><label for=\"first_name-5343\">Jm\u00e9no<span class=\"um-req\" title=\"Required\">*<\/span><\/label><div class=\"um-clear\"><\/div><\/div><div class=\"um-field-area\"><input  autocomplete=\"off\" class=\"um-form-field valid\" type=\"text\" name=\"first_name-5343\" id=\"first_name-5343\" value=\"\" placeholder=\"\" data-validate=\"\" data-key=\"first_name\"  aria-invalid=\"false\" \/>\n\n\t\t\t\t\t\t<\/div><\/div><div  id=\"um_field_5343_last_name\" class=\"um-field um-field-text  um-field-last_name um-field-text um-field-type_text\" data-key=\"last_name\"><div class=\"um-field-label\"><label for=\"last_name-5343\">P\u0159\u00edjmen\u00ed<span class=\"um-req\" title=\"Required\">*<\/span><\/label><div class=\"um-clear\"><\/div><\/div><div class=\"um-field-area\"><input  autocomplete=\"off\" class=\"um-form-field valid\" type=\"text\" name=\"last_name-5343\" id=\"last_name-5343\" value=\"\" placeholder=\"\" data-validate=\"\" data-key=\"last_name\"  aria-invalid=\"false\" \/>\n\n\t\t\t\t\t\t<\/div><\/div><div  id=\"um_field_5343_user_email\" class=\"um-field um-field-text  um-field-user_email um-field-text um-field-type_text\" data-key=\"user_email\"><div class=\"um-field-label\"><label for=\"user_email-5343\">E-mail<span class=\"um-req\" title=\"Required\">*<\/span><\/label><div class=\"um-clear\"><\/div><\/div><div class=\"um-field-area\"><input  autocomplete=\"off\" class=\"um-form-field valid\" type=\"text\" name=\"user_email-5343\" id=\"user_email-5343\" value=\"\" placeholder=\"\" data-validate=\"unique_email\" data-key=\"user_email\"  aria-invalid=\"false\" \/>\n\n\t\t\t\t\t\t<\/div><\/div><div  id=\"um_field_5343_user_password\" class=\"um-field um-field-password  um-field-user_password um-field-password um-field-type_password\" data-key=\"user_password\"><div class=\"um-field-label\"><label for=\"user_password-5343\">Heslo<span class=\"um-req\" title=\"Required\">*<\/span><\/label><div class=\"um-clear\"><\/div><\/div><div class=\"um-field-area\"><input class=\"um-form-field valid\" type=\"password\" name=\"user_password-5343\" id=\"user_password-5343\" value=\"\" placeholder=\"\" data-validate=\"\" data-key=\"user_password\"  aria-invalid=\"false\" \/>\n\n\t\t\t\t\t\t\t<\/div><\/div><div  id=\"um_field_5343_confirm_user_password\" class=\"um-field um-field-password  um-field-user_password um-field-password um-field-type_password\" data-key=\"confirm_user_password\"><div class=\"um-field-label\"><label for=\"confirm_user_password-5343\">Confirm Heslo<span class=\"um-req\" title=\"Required\">*<\/span><\/label><div class=\"um-clear\"><\/div><\/div><div class=\"um-field-area\"><input class=\"um-form-field valid\" type=\"password\" name=\"confirm_user_password-5343\" id=\"confirm_user_password-5343\" value=\"\" placeholder=\"Confirm Heslo\" data-validate=\"\" data-key=\"confirm_user_password\"  aria-invalid=\"false\" \/><\/div><\/div><div  id=\"um_field_5343_souhlas_s_OP\" class=\"um-field um-field-checkbox  um-field-souhlas_s_OP um-field-checkbox um-field-type_checkbox\" data-key=\"souhlas_s_OP\"  aria-invalid=\"false\" ><div class=\"um-field-label\"><label for=\"souhlas_s_OP-5343\">Vyj\u00e1d\u0159en\u00ed souhlasu<span class=\"um-req\" title=\"Required\">*<\/span><\/label><div class=\"um-clear\"><\/div><\/div><div class=\"um-field-area\"><label class=\"um-field-checkbox  um-field-half\"><input   type=\"checkbox\" name=\"souhlas_s_OP[]\" value=\"Souhlas\u00edm s obchodn\u00edmi podm\u00ednkami\"  \/><span class=\"um-field-checkbox-state\"><i class=\"um-icon-android-checkbox-outline-blank\"><\/i><\/span><span class=\"um-field-checkbox-option\">Souhlas\u00edm s obchodn\u00edmi podm\u00ednkami<\/span><\/label><div class=\"um-clear\"><\/div><\/div><\/div><div  class=\"um-field um-field-shortcode  um-field-shortcode um-field-type_shortcode\" data-key=\"um_shortcode_259_9\"><a href=\"https:\/\/martinkonvicka.cz\/wp-content\/uploads\/2021\/03\/Obchodni-podminky.pdf\" class=\"su-button su-button-style-default\" style=\"color:#000000;background-color:#eeeeee;border-color:#bfbfbf;border-radius:5px\" target=\"_\"><span style=\"color:#000000;padding:0px 16px;font-size:13px;line-height:26px;border-color:#f4f4f4;border-radius:5px;text-shadow:none\"> Obchodn\u00ed podm\u00ednky<\/span><\/a><\/div><\/div><\/div>\t<input type=\"hidden\" name=\"form_id\" id=\"form_id_5343\" value=\"5343\" \/>\n\t\t<p class=\"um_request_name\">\n\t\t<label for=\"um_request_5343\">Only fill in if you are not human<\/label>\n\t\t<input type=\"hidden\" name=\"um_request\" id=\"um_request_5343\" class=\"input\" value=\"\" size=\"25\" autocomplete=\"off\" \/>\n\t<\/p>\n\t<input type=\"hidden\" id=\"_wpnonce\" name=\"_wpnonce\" value=\"33efad6c1f\" \/><input type=\"hidden\" name=\"_wp_http_referer\" value=\"\/en\/wp-json\/wp\/v2\/pages\/5345\" \/>\n<div class=\"um-field\">\n\t<div class=\"g-recaptcha\" id=\"um-5343\" data-type=\"image\" data-size=\"normal\" data-theme=\"light\" data-sitekey=\"6LeldOEZAAAAAGR0MnZNo6uoy61sJ2xaC7IUHl7V\"><\/div>\n<\/div>\n\n\n<script type=\"text\/javascript\">\n\t\n\t\tvar onloadCallback = function () {\n\t\t\tjQuery('.g-recaptcha').each( function (i) {\n\t\t\t\tgrecaptcha.render( jQuery(this).attr('id'), {\n\t\t\t\t\t'sitekey': jQuery(this).attr('data-sitekey'),\n\t\t\t\t\t'theme': jQuery(this).attr('data-theme')\n\t\t\t\t});\n\t\t\t});\n\t\t};\n\n\t\tfunction um_recaptcha_refresh() {\n\t\t\tjQuery('.g-recaptcha').html('');\n\t\t\tgrecaptcha.reset();\n\t\t\tonloadCallback();\n\t\t}\n\n\t<\/script>\n\n\t<div class=\"um-col-alt\">\n\n\t\t\n\t\t\t<div class=\"um-left um-half\">\n\t\t\t\t<input type=\"submit\" value=\"Registrovat se\" class=\"um-button\" id=\"um-submit-btn\" \/>\n\t\t\t<\/div>\n\t\t\t<div class=\"um-right um-half\">\n\t\t\t\t<a href=\"https:\/\/martinkonvicka.cz\/en\/login\/\" class=\"um-button um-alt\">\n\t\t\t\t\tP\u0159ihl\u00e1sit se\t\t\t\t<\/a>\n\t\t\t<\/div>\n\n\t\t\n\t\t<div class=\"um-clear\"><\/div>\n\n\t<\/div>\n\n\t\t\t<input type=\"hidden\" name=\"trp-form-language\" value=\"en\"\/><\/form>\n\t<\/div>\n<\/div>\n<style>\n\t\t\t.um-5343.um {\n\t\t\tmax-width: 450px;\n\t\t}\n\t\t<\/style>","protected":false},"excerpt":{"rendered":"","protected":false},"author":1,"featured_media":0,"parent":0,"menu_order":0,"comment_status":"closed","ping_status":"closed","template":"","meta":{"site-sidebar-layout":"default","site-content-layout":"default","ast-site-content-layout":"","site-content-style":"default","site-sidebar-style":"default","ast-global-header-display":"","ast-banner-title-visibility":"","ast-main-header-display":"","ast-hfb-above-header-display":"","ast-hfb-below-header-display":"","ast-hfb-mobile-header-display":"","site-post-title":"","ast-breadcrumbs-content":"","ast-featured-img":"","footer-sml-layout":"","theme-transparent-header-meta":"default","adv-header-id-meta":"","stick-header-meta":"","header-above-stick-meta":"","header-main-stick-meta":"","header-below-stick-meta":"","astra-migrate-meta-layouts":"default","ast-page-background-enabled":"default","ast-page-background-meta":{"desktop":{"background-color":"var(--ast-global-color-4)","background-image":"","background-repeat":"repeat","background-position":"center center","background-size":"auto","background-attachment":"scroll","background-type":"","background-media":"","overlay-type":"","overlay-color":"","overlay-opacity":"","overlay-gradient":""},"tablet":{"background-color":"","background-image":"","background-repeat":"repeat","background-position":"center center","background-size":"auto","background-attachment":"scroll","background-type":"","background-media":"","overlay-type":"","overlay-color":"","overlay-opacity":"","overlay-gradient":""},"mobile":{"background-color":"","background-image":"","background-repeat":"repeat","background-position":"center center","background-size":"auto","background-attachment":"scroll","background-type":"","background-media":"","overlay-type":"","overlay-color":"","overlay-opacity":"","overlay-gradient":""}},"ast-content-background-meta":{"desktop":{"background-color":"var(--ast-global-color-5)","background-image":"","background-repeat":"repeat","background-position":"center center","background-size":"auto","background-attachment":"scroll","background-type":"","background-media":"","overlay-type":"","overlay-color":"","overlay-opacity":"","overlay-gradient":""},"tablet":{"background-color":"var(--ast-global-color-5)","background-image":"","background-repeat":"repeat","background-position":"center center","background-size":"auto","background-attachment":"scroll","background-type":"","background-media":"","overlay-type":"","overlay-color":"","overlay-opacity":"","overlay-gradient":""},"mobile":{"background-color":"var(--ast-global-color-5)","background-image":"","background-repeat":"repeat","background-position":"center center","background-size":"auto","background-attachment":"scroll","background-type":"","background-media":"","overlay-type":"","overlay-color":"","overlay-opacity":"","overlay-gradient":""}},"footnotes":""},"categories":[23],"tags":[],"class_list":["post-5345","page","type-page","status-publish","hentry","category-online-akademie"],"yoast_head":"<!-- This site is optimized with the Yoast SEO plugin v26.6 - https:\/\/yoast.com\/wordpress\/plugins\/seo\/ -->\n<title>Registrace - Martin Konvi\u010dka<\/title>\n<meta name=\"robots\" content=\"index, follow, max-snippet:-1, max-image-preview:large, max-video-preview:-1\" \/>\n<link rel=\"canonical\" href=\"https:\/\/martinkonvicka.cz\/en\/registrace_purchase\/\" \/>\n<meta property=\"og:locale\" content=\"en_US\" \/>\n<meta property=\"og:type\" content=\"article\" \/>\n<meta property=\"og:title\" content=\"Registrace - Martin Konvi\u010dka\" \/>\n<meta property=\"og:url\" content=\"https:\/\/martinkonvicka.cz\/en\/registrace_purchase\/\" \/>\n<meta property=\"og:site_name\" content=\"Martin Konvi\u010dka\" \/>\n<meta property=\"article:modified_time\" content=\"2022-01-13T18:53:45+00:00\" \/>\n<meta name=\"twitter:card\" content=\"summary_large_image\" \/>\n<script type=\"application\/ld+json\" class=\"yoast-schema-graph\">{\"@context\":\"https:\/\/schema.org\",\"@graph\":[{\"@type\":\"WebPage\",\"@id\":\"https:\/\/martinkonvicka.cz\/registrace_purchase\/\",\"url\":\"https:\/\/martinkonvicka.cz\/registrace_purchase\/\",\"name\":\"Registrace - Martin Konvi\u010dka\",\"isPartOf\":{\"@id\":\"https:\/\/martinkonvicka.cz\/#website\"},\"datePublished\":\"2022-01-13T14:52:48+00:00\",\"dateModified\":\"2022-01-13T18:53:45+00:00\",\"breadcrumb\":{\"@id\":\"https:\/\/martinkonvicka.cz\/registrace_purchase\/#breadcrumb\"},\"inLanguage\":\"en-US\",\"potentialAction\":[{\"@type\":\"ReadAction\",\"target\":[\"https:\/\/martinkonvicka.cz\/registrace_purchase\/\"]}]},{\"@type\":\"BreadcrumbList\",\"@id\":\"https:\/\/martinkonvicka.cz\/registrace_purchase\/#breadcrumb\",\"itemListElement\":[{\"@type\":\"ListItem\",\"position\":1,\"name\":\"Home\",\"item\":\"https:\/\/martinkonvicka.cz\/\"},{\"@type\":\"ListItem\",\"position\":2,\"name\":\"Registrace\"}]},{\"@type\":\"WebSite\",\"@id\":\"https:\/\/martinkonvicka.cz\/#website\",\"url\":\"https:\/\/martinkonvicka.cz\/\",\"name\":\"Martin Konvi\u010dka\",\"description\":\"tren\u00e9r, fitness coach Olomouc, cvi\u010den\u00ed, bolav\u00e1 z\u00e1da, hubnut\u00ed\",\"publisher\":{\"@id\":\"https:\/\/martinkonvicka.cz\/#organization\"},\"potentialAction\":[{\"@type\":\"SearchAction\",\"target\":{\"@type\":\"EntryPoint\",\"urlTemplate\":\"https:\/\/martinkonvicka.cz\/?s={search_term_string}\"},\"query-input\":{\"@type\":\"PropertyValueSpecification\",\"valueRequired\":true,\"valueName\":\"search_term_string\"}}],\"inLanguage\":\"en-US\"},{\"@type\":\"Organization\",\"@id\":\"https:\/\/martinkonvicka.cz\/#organization\",\"name\":\"Martin Konvi\u010dka\",\"alternateName\":\"tren\u00e9r, fitness coach Olomouc\",\"url\":\"https:\/\/martinkonvicka.cz\/\",\"logo\":{\"@type\":\"ImageObject\",\"inLanguage\":\"en-US\",\"@id\":\"https:\/\/martinkonvicka.cz\/#\/schema\/logo\/image\/\",\"url\":\"https:\/\/martinkonvicka.cz\/wp-content\/uploads\/2025\/04\/logo-Martin-Konvicka.png\",\"contentUrl\":\"https:\/\/martinkonvicka.cz\/wp-content\/uploads\/2025\/04\/logo-Martin-Konvicka.png\",\"width\":300,\"height\":162,\"caption\":\"Martin Konvi\u010dka\"},\"image\":{\"@id\":\"https:\/\/martinkonvicka.cz\/#\/schema\/logo\/image\/\"}}]}<\/script>\n<!-- \/ Yoast SEO plugin. -->","yoast_head_json":{"title":"Registrace - Martin Konvi\u010dka","robots":{"index":"index","follow":"follow","max-snippet":"max-snippet:-1","max-image-preview":"max-image-preview:large","max-video-preview":"max-video-preview:-1"},"canonical":"https:\/\/martinkonvicka.cz\/en\/registrace_purchase\/","og_locale":"en_US","og_type":"article","og_title":"Registrace - Martin Konvi\u010dka","og_url":"https:\/\/martinkonvicka.cz\/en\/registrace_purchase\/","og_site_name":"Martin Konvi\u010dka","article_modified_time":"2022-01-13T18:53:45+00:00","twitter_card":"summary_large_image","schema":{"@context":"https:\/\/schema.org","@graph":[{"@type":"WebPage","@id":"https:\/\/martinkonvicka.cz\/registrace_purchase\/","url":"https:\/\/martinkonvicka.cz\/registrace_purchase\/","name":"Registrace - Martin Konvi\u010dka","isPartOf":{"@id":"https:\/\/martinkonvicka.cz\/#website"},"datePublished":"2022-01-13T14:52:48+00:00","dateModified":"2022-01-13T18:53:45+00:00","breadcrumb":{"@id":"https:\/\/martinkonvicka.cz\/registrace_purchase\/#breadcrumb"},"inLanguage":"en-US","potentialAction":[{"@type":"ReadAction","target":["https:\/\/martinkonvicka.cz\/registrace_purchase\/"]}]},{"@type":"BreadcrumbList","@id":"https:\/\/martinkonvicka.cz\/registrace_purchase\/#breadcrumb","itemListElement":[{"@type":"ListItem","position":1,"name":"Home","item":"https:\/\/martinkonvicka.cz\/"},{"@type":"ListItem","position":2,"name":"Registrace"}]},{"@type":"WebSite","@id":"https:\/\/martinkonvicka.cz\/#website","url":"https:\/\/martinkonvicka.cz\/","name":"Martin Konvi\u010dka","description":"tren\u00e9r, fitness coach Olomouc, cvi\u010den\u00ed, bolav\u00e1 z\u00e1da, hubnut\u00ed","publisher":{"@id":"https:\/\/martinkonvicka.cz\/#organization"},"potentialAction":[{"@type":"SearchAction","target":{"@type":"EntryPoint","urlTemplate":"https:\/\/martinkonvicka.cz\/?s={search_term_string}"},"query-input":{"@type":"PropertyValueSpecification","valueRequired":true,"valueName":"search_term_string"}}],"inLanguage":"en-US"},{"@type":"Organization","@id":"https:\/\/martinkonvicka.cz\/#organization","name":"Martin Konvi\u010dka","alternateName":"tren\u00e9r, fitness coach Olomouc","url":"https:\/\/martinkonvicka.cz\/","logo":{"@type":"ImageObject","inLanguage":"en-US","@id":"https:\/\/martinkonvicka.cz\/#\/schema\/logo\/image\/","url":"https:\/\/martinkonvicka.cz\/wp-content\/uploads\/2025\/04\/logo-Martin-Konvicka.png","contentUrl":"https:\/\/martinkonvicka.cz\/wp-content\/uploads\/2025\/04\/logo-Martin-Konvicka.png","width":300,"height":162,"caption":"Martin Konvi\u010dka"},"image":{"@id":"https:\/\/martinkonvicka.cz\/#\/schema\/logo\/image\/"}}]}},"_links":{"self":[{"href":"https:\/\/martinkonvicka.cz\/en\/wp-json\/wp\/v2\/pages\/5345","targetHints":{"allow":["GET"]}}],"collection":[{"href":"https:\/\/martinkonvicka.cz\/en\/wp-json\/wp\/v2\/pages"}],"about":[{"href":"https:\/\/martinkonvicka.cz\/en\/wp-json\/wp\/v2\/types\/page"}],"author":[{"embeddable":true,"href":"https:\/\/martinkonvicka.cz\/en\/wp-json\/wp\/v2\/users\/1"}],"replies":[{"embeddable":true,"href":"https:\/\/martinkonvicka.cz\/en\/wp-json\/wp\/v2\/comments?post=5345"}],"version-history":[{"count":3,"href":"https:\/\/martinkonvicka.cz\/en\/wp-json\/wp\/v2\/pages\/5345\/revisions"}],"predecessor-version":[{"id":5357,"href":"https:\/\/martinkonvicka.cz\/en\/wp-json\/wp\/v2\/pages\/5345\/revisions\/5357"}],"wp:attachment":[{"href":"https:\/\/martinkonvicka.cz\/en\/wp-json\/wp\/v2\/media?parent=5345"}],"wp:term":[{"taxonomy":"category","embeddable":true,"href":"https:\/\/martinkonvicka.cz\/en\/wp-json\/wp\/v2\/categories?post=5345"},{"taxonomy":"post_tag","embeddable":true,"href":"https:\/\/martinkonvicka.cz\/en\/wp-json\/wp\/v2\/tags?post=5345"}],"curies":[{"name":"wp","href":"https:\/\/api.w.org\/{rel}","templated":true}]}}